{"id":930,"date":"2021-02-02T12:44:36","date_gmt":"2021-02-02T11:44:36","guid":{"rendered":"https:\/\/www.professor-technikus.de\/?page_id=930"},"modified":"2025-06-09T13:34:00","modified_gmt":"2025-06-09T11:34:00","slug":"weiterbildung-paedagogische-tage","status":"publish","type":"page","link":"https:\/\/www.professor-technikus.de\/?page_id=930","title":{"rendered":"Weiterbildung &#8211; P\u00e4dagogische Tage"},"content":{"rendered":"\n<p>Als Trainer unterst\u00fctzen wir Sie auch gern bei einem Weiterbildungstag bzw. P\u00e4dagogischen Tag zum Thema &#8222;Naturwissenschaft und Technik&#8220; (Grundschule und Klassen 5-6).<br>Der Schwerpunkt einer solchen Weiterbildung liegt dabei auf kindgerechten und klassentauglichen Spielen und Experimenten &#8211; am liebsten mit Alltagsmaterialien.<\/p>\n\n\n\n<p>Sie werden an diesem Tag viel ausprobieren, selber bauen und basteln. Wir garantieren Ihnen, dass wir bei dieser aktiven Beteiligung viel Spa\u00df miteinander haben und uns unbefangen den unterschiedlichen Technik-Themen n\u00e4hern werden.<br>Nat\u00fcrlich erwartet Sie auch Hintergrundmaterial zu den ausgew\u00e4hlten Technik-Themen.<\/p>\n\n\n\n<figure class=\"wp-block-gallery columns-3 is-cropped\"><ul class=\"blocks-gallery-grid\"><li class=\"blocks-gallery-item\"><figure><img loading=\"lazy\" width=\"684\" height=\"800\" src=\"https:\/\/www.professor-technikus.de\/wp-content\/uploads\/DSCN4451-Zeitungshaus.jpg\" alt=\"\" data-id=\"993\" data-link=\"https:\/\/www.professor-technikus.de\/?attachment_id=993\" class=\"wp-image-993\" srcset=\"https:\/\/www.professor-technikus.de\/wp-content\/uploads\/DSCN4451-Zeitungshaus.jpg 684w, https:\/\/www.professor-technikus.de\/wp-content\/uploads\/DSCN4451-Zeitungshaus-257x300.jpg 257w\" sizes=\"(max-width: 684px) 100vw, 684px\" \/><\/figure><\/li><li class=\"blocks-gallery-item\"><figure><img loading=\"lazy\" width=\"639\" height=\"800\" src=\"https:\/\/www.professor-technikus.de\/wp-content\/uploads\/DSCN4485-Auto-Rampe.jpg\" alt=\"\" data-id=\"994\" data-link=\"https:\/\/www.professor-technikus.de\/?attachment_id=994\" class=\"wp-image-994\" srcset=\"https:\/\/www.professor-technikus.de\/wp-content\/uploads\/DSCN4485-Auto-Rampe.jpg 639w, https:\/\/www.professor-technikus.de\/wp-content\/uploads\/DSCN4485-Auto-Rampe-240x300.jpg 240w\" sizes=\"(max-width: 639px) 100vw, 639px\" \/><\/figure><\/li><li class=\"blocks-gallery-item\"><figure><img loading=\"lazy\" width=\"800\" height=\"800\" src=\"https:\/\/www.professor-technikus.de\/wp-content\/uploads\/DSCN4482-Fischertechnik-Auto.jpg\" alt=\"\" data-id=\"995\" data-full-url=\"https:\/\/www.professor-technikus.de\/wp-content\/uploads\/DSCN4482-Fischertechnik-Auto.jpg\" data-link=\"https:\/\/www.professor-technikus.de\/?attachment_id=995\" class=\"wp-image-995\" srcset=\"https:\/\/www.professor-technikus.de\/wp-content\/uploads\/DSCN4482-Fischertechnik-Auto.jpg 800w, https:\/\/www.professor-technikus.de\/wp-content\/uploads\/DSCN4482-Fischertechnik-Auto-300x300.jpg 300w, https:\/\/www.professor-technikus.de\/wp-content\/uploads\/DSCN4482-Fischertechnik-Auto-150x150.jpg 150w, https:\/\/www.professor-technikus.de\/wp-content\/uploads\/DSCN4482-Fischertechnik-Auto-768x768.jpg 768w\" sizes=\"(max-width: 800px) 100vw, 800px\" \/><figcaption class=\"blocks-gallery-item__caption\">Fotos: C. Krause<\/figcaption><\/figure><\/li><\/ul><\/figure>\n\n\n\n<p>Sie erfahren in diesen abwechslungsreichen Stunden:<\/p>\n\n\n\n<ul><li>welche Experimente sich gut zu einem technischen Oberthema kombinieren lassen,<\/li><li>welche Experimente Kindern auch Erfolgserlebnisse verschaffen, also altersgerecht zu meistern sind,<\/li><li>welche Experimente f\u00fcr Ihre Kinder durchf\u00fchrbar sind; <br>Sie bekommen ein gutes Gef\u00fchl f\u00fcr die Aufgaben durch eigenes Ausprobieren,<\/li><li>bei welchen Experimenten Sie idealerweise in Gruppenarbeit, mit Stationenlernen oder mit einem &#8222;Klassensatz&#8220; arbeiten k\u00f6nnen und<\/li><li>viele neue Impulse, Ideen und Beispiele f\u00fcr Ihren Sachunterricht oder f\u00fcr Betreuungsstunden.<\/li><\/ul>\n\n\n\n<h2>Ablauf eines P\u00e4dagogischen Tages<\/h2>\n\n\n\n<p>In einer Gruppengr\u00f6\u00dfe von idealerweise 8 &#8211; 12 Personen gehen wir unterschiedliche Themen in 90-min-Bl\u00f6cken an. <br>Zu jedem technischen Thema bieten wir einen Grundblock und einen Aufbaublock an. Start- und Endzeiten sowie die Pausengestaltung passen wir gern Ihren Anforderungen an.<\/p>\n\n\n\n<h2>Weiterbildungsbl\u00f6cke<\/h2>\n\n\n\n<p>Jeder Block setzt sich aus folgenden Elementen zusammen:<\/p>\n\n\n\n<ul><li>Wir starten mit einer thematischen Einf\u00fchrung. <\/li><li>Es folgt ein Austausch, welche Erfahrungen bereits vorliegen, welche Experimente zu diesem Thema bereits gemacht wurden und welches Material evtl. schon in der Schule vorhanden ist. <\/li><li>Schwerpunkt ist das gemeinsame Experimentieren in Gruppen: Im Grundblock werden viele unterschiedliche Experimente vorgestellt und ausprobiert (Stationenlernen). Im Aufbaublock wird einzeln oder in Kleingruppen gebastelt, konstruiert und gebaut. <\/li><li>Eine Feedbackrunde schlie\u00dft jeden Block ab.<\/li><\/ul>\n\n\n\n<figure class=\"wp-block-gallery columns-3 is-cropped\"><ul class=\"blocks-gallery-grid\"><li class=\"blocks-gallery-item\"><figure><img loading=\"lazy\" width=\"800\" height=\"657\" src=\"https:\/\/www.professor-technikus.de\/wp-content\/uploads\/DSCN4405-Statik-Haus-1.jpg\" alt=\"\" data-id=\"997\" data-link=\"https:\/\/www.professor-technikus.de\/?attachment_id=997\" class=\"wp-image-997\" srcset=\"https:\/\/www.professor-technikus.de\/wp-content\/uploads\/DSCN4405-Statik-Haus-1.jpg 800w, https:\/\/www.professor-technikus.de\/wp-content\/uploads\/DSCN4405-Statik-Haus-1-300x246.jpg 300w, https:\/\/www.professor-technikus.de\/wp-content\/uploads\/DSCN4405-Statik-Haus-1-768x631.jpg 768w\" sizes=\"(max-width: 800px) 100vw, 800px\" \/><\/figure><\/li><li class=\"blocks-gallery-item\"><figure><img loading=\"lazy\" width=\"583\" height=\"800\" src=\"https:\/\/www.professor-technikus.de\/wp-content\/uploads\/DSC_9970-Fischertechnik-Auto-1.jpg\" alt=\"\" data-id=\"998\" data-link=\"https:\/\/www.professor-technikus.de\/?attachment_id=998\" class=\"wp-image-998\" srcset=\"https:\/\/www.professor-technikus.de\/wp-content\/uploads\/DSC_9970-Fischertechnik-Auto-1.jpg 583w, https:\/\/www.professor-technikus.de\/wp-content\/uploads\/DSC_9970-Fischertechnik-Auto-1-219x300.jpg 219w\" sizes=\"(max-width: 583px) 100vw, 583px\" \/><\/figure><\/li><li class=\"blocks-gallery-item\"><figure><img loading=\"lazy\" width=\"800\" height=\"694\" src=\"https:\/\/www.professor-technikus.de\/wp-content\/uploads\/DSCN4457-Zeitungshaus-1.jpg\" alt=\"\" data-id=\"1001\" data-full-url=\"https:\/\/www.professor-technikus.de\/wp-content\/uploads\/DSCN4457-Zeitungshaus-1.jpg\" data-link=\"https:\/\/www.professor-technikus.de\/?attachment_id=1001\" class=\"wp-image-1001\" srcset=\"https:\/\/www.professor-technikus.de\/wp-content\/uploads\/DSCN4457-Zeitungshaus-1.jpg 800w, https:\/\/www.professor-technikus.de\/wp-content\/uploads\/DSCN4457-Zeitungshaus-1-300x260.jpg 300w, https:\/\/www.professor-technikus.de\/wp-content\/uploads\/DSCN4457-Zeitungshaus-1-768x666.jpg 768w\" sizes=\"(max-width: 800px) 100vw, 800px\" \/><figcaption class=\"blocks-gallery-item__caption\">Fotos: C. Krause<\/figcaption><\/figure><\/li><\/ul><\/figure>\n\n\n\n<h2>Themenauswahl<\/h2>\n\n\n\n<p>Zur Auswahl stehen eine Vielzahl von &#8222;klassischen&#8220; Technik- Themen wie:<\/p>\n\n\n\n<ul><li>Br\u00fcckenbau<\/li><li>Flugzeuge<\/li><li>Raketen<\/li><li>Zahnr\u00e4der<\/li><li>Kraft von Luft und Wasser<\/li><li>Murmelbahnen<\/li><li>Roboter<\/li><li>Hausbau und Statik<\/li><li>Fahrzeuge<\/li><li>R\u00e4tselmeister (optische T\u00e4uschungen, Geheimschriften etc.)<\/li><\/ul>\n\n\n\n<p>Aus dem Bereich &#8222;Programmieren&#8220; und &#8222;Informatik&#8220;:<\/p>\n\n\n\n<ul><li>Programmieren f\u00fcr Kinder mit Scratch<\/li><li>Programmieren mit LEGO\u00ae (WeDo\/Boost\/Mindstorms NXT oder EV3)<\/li><li>Calliope mini<\/li><\/ul>\n\n\n\n<p>Gern k\u00f6nnen auch Ihre Wunschthemen angeboten werden, z.B. Energie, Elektro, Optik oder Bionik.<\/p>\n\n\n\n<h2>Das sollten Sie mitbringen\/bereithalten:<\/h2>\n\n\n\n<ul><li>Ihre Erfahrungen und W\u00fcnsche<\/li><li>Bastelmaterial (Schere, Kleber, Stifte, Tesa-Krepp, Schreibpapier)<\/li><li>Gen\u00fcgend Platz f\u00fcr Gruppenarbeit und Bastelaufgaben<\/li><li>Magnetwand und\/oder Flipchart<\/li><li>Interesse am Forschen und Entdecken, Neugier<\/li><li>Um viel auszuprobieren genug (ungest\u00f6rte) Zeit<\/li><li>Gern auch Ihr vorhandenes Experimentiermaterial, passend zum Thema<\/li><\/ul>\n\n\n\n<h2>Das bringen wir mit:<\/h2>\n\n\n\n<ul><li>Trainer mit guter Laune und vielen Ideen<\/li><li>Material zum Experimentieren, inkl. Bastelmaterial aus Recycling-Material (Papierrollen, Kartons, Zeitungen, Deckel etc.)<\/li><li>Arbeitsunterlagen und Hintergrundinfos zu den fachlichen Themen<\/li><li>Beim Programmieren: Notwendige Roboter und auf Wunsch auch mobile Rechner<\/li><li>Zeit f\u00fcr alle Fragen und Anregungen<\/li><\/ul>\n\n\n\n<h2>Das nehmen Sie mit:<\/h2>\n\n\n\n<ul><li>Gemeinsames Staunen und Verstehen technischer Zusammenh\u00e4nge<\/li><li>Viel Spa\u00df und viele Impulse f\u00fcr den Schulalltag<\/li><li>Einen guten Blick f\u00fcr die M\u00f6glichkeiten, Alltagsdinge in den MINT-Zusammenhang zu r\u00fccken (aufgreifen und gemeinsam mit den Kindern vertiefen)<\/li><li>Erweiterte Kenntnisse \u00fcber die gew\u00e4hlten Technik-Themen<\/li><li>Ideen und Praxis-Tipps f\u00fcr die Weiterentwicklung Ihrer Sachunterrichtsthemen<\/li><\/ul>\n\n\n\n<p>F\u00fcr unseren Aufwand (inkl. aller Verbrauchsmaterialien, Anreise, Auf- und Abbau etc.) berechnen wir ein pauschales Trainerhonorar. <br>Wir ben\u00f6tigen zudem einen schulnahen Parkplatz bzw. eine Zufahrtsm\u00f6glichkeit f\u00fcr die Materialanlieferung.<\/p>\n\n\n\n<p>Hier nochmal alle Infos zusammengefasst:<\/p>\n\n\n\n<div class=\"wp-block-file\"><a href=\"https:\/\/www.professor-technikus.de\/wp-content\/uploads\/Flyer-Paedagogische-Tage-KNuT-kommt.pdf\">Flyer-P\u00e4dagogische-Tage-KNuT-kommt<\/a><a href=\"https:\/\/www.professor-technikus.de\/wp-content\/uploads\/Flyer-Paedagogische-Tage-KNuT-kommt.pdf\" class=\"wp-block-file__button\" download>Herunterladen<\/a><\/div>\n\n\n\n<h2>Stimmen aus den Schulen nach einem Workshop:<\/h2>\n\n\n\n<p><em>Lieber Herr Krause, wir haben einige Eindr\u00fccke unserer Kolleginnen und Kollegen kurz nach der Durchf\u00fchrung des Lehrerworkshops festgehalten (s.u.) \u2013 diese sprechen f\u00fcr sich und wir m\u00f6chten uns noch einmal sehr herzlich bei Ihnen bedanken f\u00fcr diesen so interessanten, handlungsorientierten und abwechslungsreichen Tag \u2013 wir haben viele Erfahrungen sammeln k\u00f6nnen und nehmen viele gute, kreative und direkt umsetzbare Tipps und Ideen mit in die Planung unserer Projektwoche zum Thema \u201eExperimentieren\u201c.<\/em><\/p>\n\n\n\n<p><em>Die Auswahl der Themen \u201eFlugzeug\u201c, \u201eMurmelbahn\u201c, \u201eHausbau\/Statik\u201c und \u201eZahnr\u00e4der\/einfache Maschinen\u201c hat sich als sehr gelungen herausgestellt \u2013 f\u00fcr jeden Jahrgang ist etwas denkbar. Die Bereitstellung des von Ihnen mitgebrachten Materials in Kombination mit von uns im Vorfeld gesammelten Alltagsmaterialien hat uns vielf\u00e4ltige, kreative Auseinandersetzung und praktisches Erproben mit der Thematik erm\u00f6glicht. Super waren die angebotenen Stationen, an denen wir zu den vier Themen ganz handlungsorientiert experimentieren durften \u2013 das hat uns allen viel Spa\u00df gemacht und es wurde auch viel gelacht.<\/em><\/p>\n\n\n\n<p><em>Im Vorfeld der Ganztagskonferenz konnten wir uns mit von Ihnen bereitgestellten Themenheften mit den technischen und naturwissenschaftlichen Hintergr\u00fcnden zum Thema befassen.<\/em><\/p>\n\n\n\n<p><em>Die Kommunikation mit Ihnen zur Planung unserer Ganztagskonferenz war sehr angenehm und zuverl\u00e4ssig. Bei unseren W\u00fcnschen und Vorstellungen waren Sie flexibel, sind auf uns zugegangen, wo Sie konnten und haben auch gezeigt, was machbar ist \u2013 danke!<\/em><\/p>\n\n\n\n<p><em>Wir sind froh, diesen Tag mit Ihnen geforscht zu haben und w\u00fcrden es immer wieder tun! \ud83d\ude0a<\/em><\/p>\n\n\n\n<p><em>Anregender Lehrerworkshop mit viel bereitgestelltem Material\/Alltagsmaterial, Kollegium konnte viel ausprobieren und eigene Erfahrungen sammeln, gut strukturiert und aufw\u00e4ndig organisiert, nettes, flexibles Team<\/em><\/p>\n\n\n\n<p><em>Sehr handlungsorientierte und praxisnahe Fortbildung, mit vielen Tipps f\u00fcr die direkte Umsetzung. Kurzweilig.<\/em><\/p>\n\n\n\n<p><em>Besonders beeindruckend war die Menge an bereitgestelltem Material, sowohl f\u00fcr den Workshop selbst als auch die Ideen der Nutzung von Alltagsmaterialien f\u00fcr den sp\u00e4teren Gebrauch im Unterricht. Die Vielfalt an Materialien hat uns erm\u00f6glicht, verschiedene Methoden und Ans\u00e4tze auszuprobieren und dabei eigene Erfahrungen zu sammeln. Zudem m\u00f6chte ich mich f\u00fcr die F\u00fclle an weiterf\u00fchrenden Informationen und Tipps bedanken, die wir erhalten haben. Es war sehr kurzweilig.<\/em><\/p>\n\n\n\n<p><em>Die technischen und naturwissenschaftlichen Hintergr\u00fcnde wurden sehr verst\u00e4ndlich und anschaulich erkl\u00e4rt.<\/em><\/p>\n\n\n\n<p><em>Toller und anschaulicher Einblick in sehr komplexe Themen durch die M\u00f6glichkeit, auszuprobieren und zu experimentieren, viele Anregungen zur Umsetzung im eigenen Unterricht.<\/em><\/p>\n\n\n\n<p><em>Sehr praxisnaher Kurs mit tollen anschaulichen Materialien und guten Tipps zur Umsetzung im eigenen Unterricht!<\/em><\/p>\n\n\n\n<p><em>Herr Krause hat uns viele praxisnahe Ideen vorgestellt, wie auch mit Alltagsmaterialien Versuche gelingen k\u00f6nnen, bei denen er eigentlich strukturierte Materialien, Bauk\u00e4sten etc. einsetzt. So lassen sich Ideen gut und kreativ auf andere technische Themen \u00fcbertragen.<\/em><\/p>\n\n\n\n<p><em>Kreative Ideen, wie komplexe technische Themen anschaulich und mithilfe von Alltagsmaterialien hergestellt und dargestellt werden k\u00f6nnen.<\/em><\/p>\n","protected":false},"excerpt":{"rendered":"<p>Als Trainer unterst\u00fctzen wir Sie auch gern bei einem Weiterbildungstag bzw. P\u00e4dagogischen Tag zum Thema &#8222;Naturwissenschaft und Technik&#8220; (Grundschule und Klassen 5-6).Der Schwerpunkt einer solchen Weiterbildung liegt dabei auf kindgerechten und klassentauglichen Spielen und Experimenten &#8211; am liebsten mit Alltagsmaterialien. Sie werden an diesem Tag viel ausprobieren, selber bauen und basteln. Wir garantieren Ihnen, dass&hellip; <a class=\"more-link\" href=\"https:\/\/www.professor-technikus.de\/?page_id=930\"><span class=\"screen-reader-text\">Weiterbildung &#8211; P\u00e4dagogische Tage<\/span> weiterlesen<\/a><\/p>\n","protected":false},"author":1,"featured_media":0,"parent":863,"menu_order":2,"comment_status":"closed","ping_status":"closed","template":"","meta":[],"_links":{"self":[{"href":"https:\/\/www.professor-technikus.de\/index.php?rest_route=\/wp\/v2\/pages\/930"}],"collection":[{"href":"https:\/\/www.professor-technikus.de\/index.php?rest_route=\/wp\/v2\/pages"}],"about":[{"href":"https:\/\/www.professor-technikus.de\/index.php?rest_route=\/wp\/v2\/types\/page"}],"author":[{"embeddable":true,"href":"https:\/\/www.professor-technikus.de\/index.php?rest_route=\/wp\/v2\/users\/1"}],"replies":[{"embeddable":true,"href":"https:\/\/www.professor-technikus.de\/index.php?rest_route=%2Fwp%2Fv2%2Fcomments&post=930"}],"version-history":[{"count":10,"href":"https:\/\/www.professor-technikus.de\/index.php?rest_route=\/wp\/v2\/pages\/930\/revisions"}],"predecessor-version":[{"id":1109,"href":"https:\/\/www.professor-technikus.de\/index.php?rest_route=\/wp\/v2\/pages\/930\/revisions\/1109"}],"up":[{"embeddable":true,"href":"https:\/\/www.professor-technikus.de\/index.php?rest_route=\/wp\/v2\/pages\/863"}],"wp:attachment":[{"href":"https:\/\/www.professor-technikus.de\/index.php?rest_route=%2Fwp%2Fv2%2Fmedia&parent=930"}],"curies":[{"name":"wp","href":"https:\/\/api.w.org\/{rel}","templated":true}]}}