{"id":919,"date":"2021-01-29T10:39:18","date_gmt":"2021-01-29T09:39:18","guid":{"rendered":"https:\/\/www.professor-technikus.de\/?page_id=919"},"modified":"2021-03-13T14:49:49","modified_gmt":"2021-03-13T13:49:49","slug":"forscher-shows","status":"publish","type":"page","link":"https:\/\/www.professor-technikus.de\/?page_id=919","title":{"rendered":"Forschershows"},"content":{"rendered":"\n<p>Hier sind Sie richtig, wenn Sie einen familientauglichen Mitmach-Vortrag zum Thema \u201eNaturwissenschaft und Technik&#8220; suchen.<br>Gern unterst\u00fctzen wir Sie bei Ihrer Veranstaltung mit einer Forschershow. <br>Mit viel Humor f\u00fchren wir Experimente vor, die sich sp\u00e4ter auch zuhause nachmachen lassen. Wir interagieren dabei stark mit dem Publikum und gehen spontan auf die Reaktionen der Zuschauer ein. Unser Programm ist somit nicht minutengenau durchgeplant.<br>Das Vortrags-\/Showthema richten wir gern nach Ihrem Rahmenprogramm aus.<\/p>\n\n\n\n<figure class=\"wp-block-gallery columns-3 is-cropped\"><ul class=\"blocks-gallery-grid\"><li class=\"blocks-gallery-item\"><figure><img loading=\"lazy\" width=\"800\" height=\"507\" src=\"https:\/\/www.professor-technikus.de\/wp-content\/uploads\/001x-DSC_4202-Buehne-Show.jpg\" alt=\"\" data-id=\"984\" data-link=\"https:\/\/www.professor-technikus.de\/?attachment_id=984\" class=\"wp-image-984\" srcset=\"https:\/\/www.professor-technikus.de\/wp-content\/uploads\/001x-DSC_4202-Buehne-Show.jpg 800w, https:\/\/www.professor-technikus.de\/wp-content\/uploads\/001x-DSC_4202-Buehne-Show-300x190.jpg 300w, https:\/\/www.professor-technikus.de\/wp-content\/uploads\/001x-DSC_4202-Buehne-Show-768x487.jpg 768w\" sizes=\"(max-width: 800px) 100vw, 800px\" \/><\/figure><\/li><li class=\"blocks-gallery-item\"><figure><img loading=\"lazy\" width=\"800\" height=\"555\" src=\"https:\/\/www.professor-technikus.de\/wp-content\/uploads\/002x-DSC_4217-Museum-Show.jpg\" alt=\"\" data-id=\"985\" data-link=\"https:\/\/www.professor-technikus.de\/?attachment_id=985\" class=\"wp-image-985\" srcset=\"https:\/\/www.professor-technikus.de\/wp-content\/uploads\/002x-DSC_4217-Museum-Show.jpg 800w, https:\/\/www.professor-technikus.de\/wp-content\/uploads\/002x-DSC_4217-Museum-Show-300x208.jpg 300w, https:\/\/www.professor-technikus.de\/wp-content\/uploads\/002x-DSC_4217-Museum-Show-768x533.jpg 768w\" sizes=\"(max-width: 800px) 100vw, 800px\" \/><\/figure><\/li><li class=\"blocks-gallery-item\"><figure><img loading=\"lazy\" width=\"800\" height=\"512\" src=\"https:\/\/www.professor-technikus.de\/wp-content\/uploads\/008x-IMG_0250-Turnhalle-show.jpg\" alt=\"\" data-id=\"987\" data-full-url=\"https:\/\/www.professor-technikus.de\/wp-content\/uploads\/008x-IMG_0250-Turnhalle-show.jpg\" data-link=\"https:\/\/www.professor-technikus.de\/?attachment_id=987\" class=\"wp-image-987\" srcset=\"https:\/\/www.professor-technikus.de\/wp-content\/uploads\/008x-IMG_0250-Turnhalle-show.jpg 800w, https:\/\/www.professor-technikus.de\/wp-content\/uploads\/008x-IMG_0250-Turnhalle-show-300x192.jpg 300w, https:\/\/www.professor-technikus.de\/wp-content\/uploads\/008x-IMG_0250-Turnhalle-show-768x492.jpg 768w\" sizes=\"(max-width: 800px) 100vw, 800px\" \/><\/figure><\/li><li class=\"blocks-gallery-item\"><figure><img loading=\"lazy\" width=\"800\" height=\"530\" src=\"https:\/\/www.professor-technikus.de\/wp-content\/uploads\/004x-DSC_4335-Aula-Show.jpg\" alt=\"\" data-id=\"986\" data-link=\"https:\/\/www.professor-technikus.de\/?attachment_id=986\" class=\"wp-image-986\" srcset=\"https:\/\/www.professor-technikus.de\/wp-content\/uploads\/004x-DSC_4335-Aula-Show.jpg 800w, https:\/\/www.professor-technikus.de\/wp-content\/uploads\/004x-DSC_4335-Aula-Show-300x199.jpg 300w, https:\/\/www.professor-technikus.de\/wp-content\/uploads\/004x-DSC_4335-Aula-Show-768x509.jpg 768w\" sizes=\"(max-width: 800px) 100vw, 800px\" \/><figcaption class=\"blocks-gallery-item__caption\">Fotos: K. Rehse<\/figcaption><\/figure><\/li><\/ul><\/figure>\n\n\n\n<p>Ein paar <strong>Rahmendaten<\/strong>:<\/p>\n\n\n\n<ul><li>Dauer der Show von 45 bis zu 90 min.<\/li><li>Erfahrung haben wir mit einem Publikum von 10 &#8211; 300 Personen aller Altersgruppen, prim\u00e4r Grundschulkinder und Familien.<\/li><li>W\u00e4hrend der Forschershow werden zuf\u00e4llig einige Kinder\/Erwachsene aus dem Publikum ausgew\u00e4hlt, die bei den Experimenten mitwirken. Ein vorheriges Proben entf\u00e4llt dadurch.<\/li><li>Termin und genaue Startzeit sind nat\u00fcrlich wichtig. <br>Aber Achtung: Da wir unsere Show auf Kinder &#8211; und damit manchmal wenig planbar &#8211; ausrichten, kann es vorkommen, dass wir etwas \u00fcberziehen. Bitte denken Sie auch daran, uns im Programm jeweils f\u00fcr Auf- und Abbau mindestens 15 min vorher und nachher zu g\u00f6nnen.<\/li><li>Wir kommen so ziemlich mit jedem Saal, jeder Aula oder jeder Turnhalle klar. Eine Deckenh\u00f6he von 3m brauchen wir aber mindestens. Bei gutem Wetter zeigen wir unsere Show auch gern drau\u00dfen.<\/li><li>Besondere Anforderungen an den B\u00fchnenbereich haben wir nicht. Wir ben\u00f6tigen allerdings eine freie Fl\u00e4che von mindestens 8 x 4 m (8 m breit, 4 m tief), das Publikum befindet sich idealerweise nur an maximal drei Seiten, die B\u00fchnenr\u00fcckseite sollte unzug\u00e4nglich sein.<\/li><li>F\u00fcr den Aufwand (inkl. aller Verbrauchsmaterialien, Anreise, Auf- und Abbau etc.) berechnen wir ein pauschales Honorar.<\/li><\/ul>\n\n\n\n<figure class=\"wp-block-gallery columns-3 is-cropped\"><ul class=\"blocks-gallery-grid\"><li class=\"blocks-gallery-item\"><figure><img loading=\"lazy\" width=\"800\" height=\"521\" src=\"https:\/\/www.professor-technikus.de\/wp-content\/uploads\/009x-IMG_0262-Show-Turnhalle.jpg\" alt=\"\" data-id=\"989\" data-link=\"https:\/\/www.professor-technikus.de\/?attachment_id=989\" class=\"wp-image-989\" srcset=\"https:\/\/www.professor-technikus.de\/wp-content\/uploads\/009x-IMG_0262-Show-Turnhalle.jpg 800w, https:\/\/www.professor-technikus.de\/wp-content\/uploads\/009x-IMG_0262-Show-Turnhalle-300x195.jpg 300w, https:\/\/www.professor-technikus.de\/wp-content\/uploads\/009x-IMG_0262-Show-Turnhalle-768x500.jpg 768w\" sizes=\"(max-width: 800px) 100vw, 800px\" \/><\/figure><\/li><li class=\"blocks-gallery-item\"><figure><img loading=\"lazy\" width=\"595\" height=\"800\" src=\"https:\/\/www.professor-technikus.de\/wp-content\/uploads\/007x-DSC_8372-Show-Museum.jpg\" alt=\"\" data-id=\"990\" data-link=\"https:\/\/www.professor-technikus.de\/?attachment_id=990\" class=\"wp-image-990\" srcset=\"https:\/\/www.professor-technikus.de\/wp-content\/uploads\/007x-DSC_8372-Show-Museum.jpg 595w, https:\/\/www.professor-technikus.de\/wp-content\/uploads\/007x-DSC_8372-Show-Museum-223x300.jpg 223w\" sizes=\"(max-width: 595px) 100vw, 595px\" \/><\/figure><\/li><li class=\"blocks-gallery-item\"><figure><img loading=\"lazy\" width=\"800\" height=\"531\" src=\"https:\/\/www.professor-technikus.de\/wp-content\/uploads\/005x-DSC_4372-Show-Aula.jpg\" alt=\"\" data-id=\"991\" data-full-url=\"https:\/\/www.professor-technikus.de\/wp-content\/uploads\/005x-DSC_4372-Show-Aula.jpg\" data-link=\"https:\/\/www.professor-technikus.de\/?attachment_id=991\" class=\"wp-image-991\" srcset=\"https:\/\/www.professor-technikus.de\/wp-content\/uploads\/005x-DSC_4372-Show-Aula.jpg 800w, https:\/\/www.professor-technikus.de\/wp-content\/uploads\/005x-DSC_4372-Show-Aula-300x199.jpg 300w, https:\/\/www.professor-technikus.de\/wp-content\/uploads\/005x-DSC_4372-Show-Aula-768x510.jpg 768w\" sizes=\"(max-width: 800px) 100vw, 800px\" \/><figcaption class=\"blocks-gallery-item__caption\">Fotos: K. Rehse<\/figcaption><\/figure><\/li><\/ul><\/figure>\n\n\n\n<p>Als <strong>Veranstalter <\/strong>bzw. als <strong>Schule <\/strong>k\u00fcmmern Sie sich bitte um:<\/p>\n\n\n\n<ul><li>Aufbau von Sitzpl\u00e4tzen im Saal bzw. in der Turnhalle f\u00fcr das Publikum und Einrichtung eines B\u00fchnenbereichs. <\/li><li>Einlasskontrolle und Beaufsichtigung der Kinder im Publikum, auch w\u00e4hrend der Show. <\/li><li>Bereitstellung einer Mikrofon-\/Lautsprecheranlage, idealerweise ausgestattet mit 2 Headsets und einem Handmikrofon. <\/li><li>Eventuell entstehende GEMA-Geb\u00fchren und Energie- und Abfallkosten, sowie Kosten f\u00fcr notwendige Genehmigungen, Raummieten, Saaltechnik, Reinigung, Feuerwehr, medizinische Notfallversorgung etc.<\/li><\/ul>\n\n\n\n<p>Erste Eindr\u00fccke zu unseren Auftritten finden Sie auch unter &#8222;<a rel=\"noreferrer noopener\" href=\"https:\/\/www.professor-technikus.de\/?cat=44\" target=\"_blank\">Aktuelles<\/a>&#8220; und unter &#8222;<a rel=\"noreferrer noopener\" href=\"https:\/\/www.professor-technikus.de\/?page_id=507\" data-type=\"page\" data-id=\"507\" target=\"_blank\">Referenzen<\/a>&#8222;. <br>Wir sind u.a. seit vielen Jahren regelm\u00e4\u00dfig im Deutschen Museum in Bonn zu Gast, so auch bei K\u00e4pt&#8217;n Book, dem Rheinischen Lesefest f\u00fcr Kinder.<\/p>\n\n\n\n<p>Hier nochmal alle Infos zusammengefasst:<\/p>\n\n\n\n<div class=\"wp-block-file\"><a href=\"https:\/\/www.professor-technikus.de\/wp-content\/uploads\/Flyer-Forschershows-KNuT-kommt.pdf\">Flyer-Forschershows-KNuT-kommt<\/a><a href=\"https:\/\/www.professor-technikus.de\/wp-content\/uploads\/Flyer-Forschershows-KNuT-kommt.pdf\" class=\"wp-block-file__button\" download>Herunterladen<\/a><\/div>\n","protected":false},"excerpt":{"rendered":"<p>Hier sind Sie richtig, wenn Sie einen familientauglichen Mitmach-Vortrag zum Thema \u201eNaturwissenschaft und Technik&#8220; suchen.Gern unterst\u00fctzen wir Sie bei Ihrer Veranstaltung mit einer Forschershow. Mit viel Humor f\u00fchren wir Experimente vor, die sich sp\u00e4ter auch zuhause nachmachen lassen. Wir interagieren dabei stark mit dem Publikum und gehen spontan auf die Reaktionen der Zuschauer ein. Unser&hellip; <a class=\"more-link\" href=\"https:\/\/www.professor-technikus.de\/?page_id=919\"><span class=\"screen-reader-text\">Forschershows<\/span> weiterlesen<\/a><\/p>\n","protected":false},"author":1,"featured_media":0,"parent":863,"menu_order":1,"comment_status":"closed","ping_status":"closed","template":"","meta":[],"_links":{"self":[{"href":"https:\/\/www.professor-technikus.de\/index.php?rest_route=\/wp\/v2\/pages\/919"}],"collection":[{"href":"https:\/\/www.professor-technikus.de\/index.php?rest_route=\/wp\/v2\/pages"}],"about":[{"href":"https:\/\/www.professor-technikus.de\/index.php?rest_route=\/wp\/v2\/types\/page"}],"author":[{"embeddable":true,"href":"https:\/\/www.professor-technikus.de\/index.php?rest_route=\/wp\/v2\/users\/1"}],"replies":[{"embeddable":true,"href":"https:\/\/www.professor-technikus.de\/index.php?rest_route=%2Fwp%2Fv2%2Fcomments&post=919"}],"version-history":[{"count":7,"href":"https:\/\/www.professor-technikus.de\/index.php?rest_route=\/wp\/v2\/pages\/919\/revisions"}],"predecessor-version":[{"id":1050,"href":"https:\/\/www.professor-technikus.de\/index.php?rest_route=\/wp\/v2\/pages\/919\/revisions\/1050"}],"up":[{"embeddable":true,"href":"https:\/\/www.professor-technikus.de\/index.php?rest_route=\/wp\/v2\/pages\/863"}],"wp:attachment":[{"href":"https:\/\/www.professor-technikus.de\/index.php?rest_route=%2Fwp%2Fv2%2Fmedia&parent=919"}],"curies":[{"name":"wp","href":"https:\/\/api.w.org\/{rel}","templated":true}]}}