{"id":785,"date":"2021-01-25T12:25:33","date_gmt":"2021-01-25T11:25:33","guid":{"rendered":"https:\/\/www.professor-technikus.de\/?page_id=785"},"modified":"2025-06-09T13:18:27","modified_gmt":"2025-06-09T11:18:27","slug":"spielend-technische-zusammenhaenge-begreifen-und-verstehen","status":"publish","type":"page","link":"https:\/\/www.professor-technikus.de\/","title":{"rendered":"Start"},"content":{"rendered":"\n<p>Seit 2008 bieten wir Kindern an Grundschulen in Erkrath und Umgebung die M\u00f6glichkeit, Naturwissenschaften und Technik spielerisch zu erforschen und im wahrsten Sinne des Wortes zu begreifen.<br>In der Rolle des &#8222;Professor Technikus&#8220; kommen wir an die Schulen mit:<\/p>\n\n\n\n<ul><li><a href=\"https:\/\/www.professor-technikus.de\/?page_id=863#projekttag\" data-type=\"page\" target=\"_blank\" rel=\"noreferrer noopener\">Projekttagen \/ Projektwochen<\/a><\/li><li><a href=\"https:\/\/www.professor-technikus.de\/?page_id=863#forscherkurse\" data-type=\"page\" target=\"_blank\" rel=\"noreferrer noopener\">Forscherkursen<\/a><\/li><li><a href=\"https:\/\/www.professor-technikus.de\/?page_id=863#weiterbildung\" data-type=\"page\" target=\"_blank\" rel=\"noreferrer noopener\">P\u00e4dagogischen Tagen<\/a><\/li><li><a href=\"https:\/\/www.professor-technikus.de\/?page_id=863#forschershow\" data-type=\"page\" target=\"_blank\" rel=\"noreferrer noopener\">Mitmach-Vortr\u00e4gen und Forschershows<\/a><\/li><li><a href=\"https:\/\/www.professor-technikus.de\/?page_id=863#Tipps-und-Beratung\" data-type=\"page\" target=\"_blank\" rel=\"noreferrer noopener\">Tipps und Beratung<\/a><\/li><\/ul>\n\n\n\n<figure class=\"wp-block-gallery columns-3 is-cropped\"><ul class=\"blocks-gallery-grid\"><li class=\"blocks-gallery-item\"><figure><img loading=\"lazy\" width=\"800\" height=\"643\" src=\"https:\/\/www.professor-technikus.de\/wp-content\/uploads\/DSC_0105-Murmelbahn.jpg\" alt=\"\" data-id=\"835\" data-link=\"https:\/\/www.professor-technikus.de\/?attachment_id=835\" class=\"wp-image-835\" srcset=\"https:\/\/www.professor-technikus.de\/wp-content\/uploads\/DSC_0105-Murmelbahn.jpg 800w, https:\/\/www.professor-technikus.de\/wp-content\/uploads\/DSC_0105-Murmelbahn-300x241.jpg 300w, https:\/\/www.professor-technikus.de\/wp-content\/uploads\/DSC_0105-Murmelbahn-768x617.jpg 768w\" sizes=\"(max-width: 800px) 100vw, 800px\" \/><\/figure><\/li><li class=\"blocks-gallery-item\"><figure><img loading=\"lazy\" width=\"800\" height=\"538\" src=\"https:\/\/www.professor-technikus.de\/wp-content\/uploads\/DSC_0177-Roboter.jpg\" alt=\"\" data-id=\"836\" data-link=\"https:\/\/www.professor-technikus.de\/?attachment_id=836\" class=\"wp-image-836\" srcset=\"https:\/\/www.professor-technikus.de\/wp-content\/uploads\/DSC_0177-Roboter.jpg 800w, https:\/\/www.professor-technikus.de\/wp-content\/uploads\/DSC_0177-Roboter-300x202.jpg 300w, https:\/\/www.professor-technikus.de\/wp-content\/uploads\/DSC_0177-Roboter-768x516.jpg 768w\" sizes=\"(max-width: 800px) 100vw, 800px\" \/><\/figure><\/li><li class=\"blocks-gallery-item\"><figure><img loading=\"lazy\" width=\"800\" height=\"605\" src=\"https:\/\/www.professor-technikus.de\/wp-content\/uploads\/DSC_0210-Roboter.jpg\" alt=\"\" data-id=\"838\" data-link=\"https:\/\/www.professor-technikus.de\/?attachment_id=838\" class=\"wp-image-838\" srcset=\"https:\/\/www.professor-technikus.de\/wp-content\/uploads\/DSC_0210-Roboter.jpg 800w, https:\/\/www.professor-technikus.de\/wp-content\/uploads\/DSC_0210-Roboter-300x227.jpg 300w, https:\/\/www.professor-technikus.de\/wp-content\/uploads\/DSC_0210-Roboter-768x581.jpg 768w\" sizes=\"(max-width: 800px) 100vw, 800px\" \/><\/figure><\/li><li class=\"blocks-gallery-item\"><figure><img loading=\"lazy\" width=\"800\" height=\"673\" src=\"https:\/\/www.professor-technikus.de\/wp-content\/uploads\/DSC_9945-Fischertechnik-auto.jpg\" alt=\"\" data-id=\"976\" data-full-url=\"https:\/\/www.professor-technikus.de\/wp-content\/uploads\/DSC_9945-Fischertechnik-auto.jpg\" data-link=\"https:\/\/www.professor-technikus.de\/?attachment_id=976\" class=\"wp-image-976\" srcset=\"https:\/\/www.professor-technikus.de\/wp-content\/uploads\/DSC_9945-Fischertechnik-auto.jpg 800w, https:\/\/www.professor-technikus.de\/wp-content\/uploads\/DSC_9945-Fischertechnik-auto-300x252.jpg 300w, https:\/\/www.professor-technikus.de\/wp-content\/uploads\/DSC_9945-Fischertechnik-auto-768x646.jpg 768w\" sizes=\"(max-width: 800px) 100vw, 800px\" \/><figcaption class=\"blocks-gallery-item__caption\">Fotos: C. Krause<\/figcaption><\/figure><\/li><\/ul><\/figure>\n\n\n\n<p>Schon bei unseren eigenen Kindern ist uns aufgefallen, dass Naturwissenschaft und Technik wenig Raum im Grundschulalltag einnimmt, obwohl MINT in aller Munde ist. <br>Die Grundschulen haben heute einen Berg an Aufgaben zu bew\u00e4ltigen, k\u00e4mpfen mit gro\u00dfen Klassen, Inklusion und vielen anderen Herausforderungen. Hier kommt das Thema &#8222;Technik&#8220; dann schnell zu kurz. Oft ist beim Kollegium auch die Begeisterung f\u00fcr technische Zusammenh\u00e4nge wenig ausgepr\u00e4gt ;-)<\/p>\n\n\n\n<p><strong>Hier kommen wir ins Spiel<br><\/strong>Wir lieben Technik, wir sind Ingenieure und spielen und probieren leidenschaftlich gern Dinge aus. Diese Begeisterung \u00fcbertr\u00e4gt sich auf die Kindergruppen, die mit uns gemeinsam experimentieren und forschen.<br>In vielen Jahren und unz\u00e4hligen Forscherkursen an der Grundschule unserer Kinder haben wir Erfahrungen gesammelt, um mit Kindern spielend technische Zusammenh\u00e4nge auszuprobieren und zu verstehen. Unser Ziel ist es, den Kindern ein tolles und nachhaltiges Erlebnis zu bieten und dabei Spa\u00df an Technik zu vermitteln.<\/p>\n\n\n\n<figure class=\"wp-block-gallery columns-3 is-cropped\"><ul class=\"blocks-gallery-grid\"><li class=\"blocks-gallery-item\"><figure><img loading=\"lazy\" width=\"800\" height=\"775\" src=\"https:\/\/www.professor-technikus.de\/wp-content\/uploads\/DSC_9133-Blockhaus.jpg\" alt=\"\" data-id=\"977\" data-link=\"https:\/\/www.professor-technikus.de\/?attachment_id=977\" class=\"wp-image-977\" srcset=\"https:\/\/www.professor-technikus.de\/wp-content\/uploads\/DSC_9133-Blockhaus.jpg 800w, https:\/\/www.professor-technikus.de\/wp-content\/uploads\/DSC_9133-Blockhaus-300x291.jpg 300w, https:\/\/www.professor-technikus.de\/wp-content\/uploads\/DSC_9133-Blockhaus-768x744.jpg 768w\" sizes=\"(max-width: 800px) 100vw, 800px\" \/><\/figure><\/li><li class=\"blocks-gallery-item\"><figure><img loading=\"lazy\" width=\"800\" height=\"546\" src=\"https:\/\/www.professor-technikus.de\/wp-content\/uploads\/DSC_0319-cut-Turmbau.jpg\" alt=\"\" data-id=\"978\" data-link=\"https:\/\/www.professor-technikus.de\/?attachment_id=978\" class=\"wp-image-978\" srcset=\"https:\/\/www.professor-technikus.de\/wp-content\/uploads\/DSC_0319-cut-Turmbau.jpg 800w, https:\/\/www.professor-technikus.de\/wp-content\/uploads\/DSC_0319-cut-Turmbau-300x205.jpg 300w, https:\/\/www.professor-technikus.de\/wp-content\/uploads\/DSC_0319-cut-Turmbau-768x524.jpg 768w\" sizes=\"(max-width: 800px) 100vw, 800px\" \/><\/figure><\/li><li class=\"blocks-gallery-item\"><figure><img loading=\"lazy\" width=\"800\" height=\"627\" src=\"https:\/\/www.professor-technikus.de\/wp-content\/uploads\/DSC_3891-cut-Murmelbahn.jpg\" alt=\"\" data-id=\"979\" data-full-url=\"https:\/\/www.professor-technikus.de\/wp-content\/uploads\/DSC_3891-cut-Murmelbahn.jpg\" data-link=\"https:\/\/www.professor-technikus.de\/?attachment_id=979\" class=\"wp-image-979\" srcset=\"https:\/\/www.professor-technikus.de\/wp-content\/uploads\/DSC_3891-cut-Murmelbahn.jpg 800w, https:\/\/www.professor-technikus.de\/wp-content\/uploads\/DSC_3891-cut-Murmelbahn-300x235.jpg 300w, https:\/\/www.professor-technikus.de\/wp-content\/uploads\/DSC_3891-cut-Murmelbahn-768x602.jpg 768w\" sizes=\"(max-width: 800px) 100vw, 800px\" \/><figcaption class=\"blocks-gallery-item__caption\">Fotos: C. Krause<\/figcaption><\/figure><\/li><\/ul><\/figure>\n\n\n\n<p><strong>Technik spielen<\/strong><br>Das Spielen mit Technik ist sehr viel mehr als nur der Umgang mit Tablet, Smartphone und Spielkonsole. <br>Gerade mit klassischem Spielzeug, wie z.B. LEGO\u00ae-Steinen, fischertechnik oder Murmelbahn, k\u00f6nnen unglaublich viele &#8222;technische&#8220; Alltags-Ph\u00e4nomene ausprobiert und nachgebaut werden. Auch viele Alltagsgegenst\u00e4nde lassen sich prima zum Experimentieren nutzen.<br>Der Erfolg unserer Kurse zeigt immer wieder, dass dieses &#8211; im wahrsten Sinne des Wortes &#8211; &#8222;Begreifen&#8220; von Technik die Neugier der Kinder weckt und sie anspornt, selbst Dinge auszuprobieren. Und wir kriegen sie alle!<br>\u00dcbrigens, unsere Experimente machen auch Erwachsenen Spa\u00df ;-)<\/p>\n\n\n\n<figure class=\"wp-block-gallery columns-3 is-cropped\"><ul class=\"blocks-gallery-grid\"><li class=\"blocks-gallery-item\"><figure><img loading=\"lazy\" width=\"800\" height=\"657\" src=\"https:\/\/www.professor-technikus.de\/wp-content\/uploads\/DSCN4405-Statik-Haus.jpg\" alt=\"\" data-id=\"980\" data-link=\"https:\/\/www.professor-technikus.de\/?attachment_id=980\" class=\"wp-image-980\" srcset=\"https:\/\/www.professor-technikus.de\/wp-content\/uploads\/DSCN4405-Statik-Haus.jpg 800w, https:\/\/www.professor-technikus.de\/wp-content\/uploads\/DSCN4405-Statik-Haus-300x246.jpg 300w, https:\/\/www.professor-technikus.de\/wp-content\/uploads\/DSCN4405-Statik-Haus-768x631.jpg 768w\" sizes=\"(max-width: 800px) 100vw, 800px\" \/><\/figure><\/li><li class=\"blocks-gallery-item\"><figure><img loading=\"lazy\" width=\"800\" height=\"694\" src=\"https:\/\/www.professor-technikus.de\/wp-content\/uploads\/DSCN4457-Zeitungshaus.jpg\" alt=\"\" data-id=\"981\" data-link=\"https:\/\/www.professor-technikus.de\/?attachment_id=981\" class=\"wp-image-981\" srcset=\"https:\/\/www.professor-technikus.de\/wp-content\/uploads\/DSCN4457-Zeitungshaus.jpg 800w, https:\/\/www.professor-technikus.de\/wp-content\/uploads\/DSCN4457-Zeitungshaus-300x260.jpg 300w, https:\/\/www.professor-technikus.de\/wp-content\/uploads\/DSCN4457-Zeitungshaus-768x666.jpg 768w\" sizes=\"(max-width: 800px) 100vw, 800px\" \/><\/figure><\/li><li class=\"blocks-gallery-item\"><figure><img loading=\"lazy\" width=\"583\" height=\"800\" src=\"https:\/\/www.professor-technikus.de\/wp-content\/uploads\/DSC_9970-Fischertechnik-Auto.jpg\" alt=\"\" data-id=\"982\" data-full-url=\"https:\/\/www.professor-technikus.de\/wp-content\/uploads\/DSC_9970-Fischertechnik-Auto.jpg\" data-link=\"https:\/\/www.professor-technikus.de\/?attachment_id=982\" class=\"wp-image-982\" srcset=\"https:\/\/www.professor-technikus.de\/wp-content\/uploads\/DSC_9970-Fischertechnik-Auto.jpg 583w, https:\/\/www.professor-technikus.de\/wp-content\/uploads\/DSC_9970-Fischertechnik-Auto-219x300.jpg 219w\" sizes=\"(max-width: 583px) 100vw, 583px\" \/><figcaption class=\"blocks-gallery-item__caption\">Fotos: C. Krause<\/figcaption><\/figure><\/li><\/ul><\/figure>\n\n\n\n<p><strong>Sie kennen die Kinder, wir die Experimente<\/strong><br>Wir kommen zu Ihnen, bilden mit Ihrem Kollegium ein Team, bereiten alles vor und bringen alle Materialien mit. Ob nur f\u00fcr einen Projekttag in einer Klasse oder f\u00fcr eine Projektwoche in Ihrer gesamten Schule.<br>Wir bieten Ihnen ein &#8222;Rundum-Sorglos-Paket&#8220;, d.h.:<\/p>\n\n\n\n<ul><li>Wir kommen zu Ihnen, gestalten den Ablauf und begleiten Sie und die Kinder.<\/li><li>Sie brauchen kein technisches Vorwissen: Wir stellen Ihnen Einweisungen, Anleitungen und Hintergrundinformationen zu allen Experimenten zur Verf\u00fcgung und stehen f\u00fcr Nachfragen bereit.<\/li><li>Wir bringen alles f\u00fcr die Experimente (in Klassenst\u00e4rke) mit und lassen nur tolle Erinnerungen zur\u00fcck.<\/li><li>Wir \u00fcbernehmen die komplette Logistik, also die Bereitstellung und Verteilung (inkl. Nachschub) des gesamten Materials, und entlasten damit Ihr Kollegium massiv in der Vorbereitung der Projektwoche.<\/li><\/ul>\n\n\n\n<h2><strong>Was Sie jetzt tun sollten<\/strong><\/h2>\n\n\n\n<p>Sie suchen eine Alternative zu Trommlertagen, Zirkusschule, Theaterwoche, Sportfest, Besuch der Stadtwerke, Umwelt- und Naturwoche, Musical oder Spiele ohne Grenzen?<br>Sie m\u00f6chten gerne Projekttage oder eine Projektwoche zum Thema \u201eNaturwissenschaft und Technik\u201c an Ihrer Schule durchf\u00fchren?<\/p>\n\n\n\n<p>Gern besprechen wir, was wann wie an Ihrer Schule m\u00f6glich ist.<br>Am besten schicken Sie jetzt eine Email an: <\/p>\n\n\n\n<p><strong>kontakt(at)professor-technikus.de<\/strong><br>oder rufen Sie unverbindlich an unter: <br><strong>02104 \u2013 797 147<\/strong><\/p>\n\n\n\n<p>Wir freuen uns auf Ihre Nachricht!<\/p>\n\n\n\n<p><strong>Bitte beachten Sie, dass wir unser Angebot in erster Linie im Gro\u00dfraum D\u00fcsseldorf (max. 1h Fahrzeit entfernt von Erkrath) anbieten. Weitere Fahrtstrecken l\u00f6sen meist erh\u00f6hte Transport- und \u00dcbernachtungskosten aus!<\/strong><\/p>\n","protected":false},"excerpt":{"rendered":"<p>Seit 2008 bieten wir Kindern an Grundschulen in Erkrath und Umgebung die M\u00f6glichkeit, Naturwissenschaften und Technik spielerisch zu erforschen und im wahrsten Sinne des Wortes zu begreifen.In der Rolle des &#8222;Professor Technikus&#8220; kommen wir an die Schulen mit: Projekttagen \/ Projektwochen Forscherkursen P\u00e4dagogischen Tagen Mitmach-Vortr\u00e4gen und Forschershows Tipps und Beratung Schon bei unseren eigenen Kindern&hellip; <a class=\"more-link\" href=\"https:\/\/www.professor-technikus.de\/\"><span class=\"screen-reader-text\">Start<\/span> weiterlesen<\/a><\/p>\n","protected":false},"author":1,"featured_media":0,"parent":0,"menu_order":0,"comment_status":"closed","ping_status":"closed","template":"","meta":[],"_links":{"self":[{"href":"https:\/\/www.professor-technikus.de\/index.php?rest_route=\/wp\/v2\/pages\/785"}],"collection":[{"href":"https:\/\/www.professor-technikus.de\/index.php?rest_route=\/wp\/v2\/pages"}],"about":[{"href":"https:\/\/www.professor-technikus.de\/index.php?rest_route=\/wp\/v2\/types\/page"}],"author":[{"embeddable":true,"href":"https:\/\/www.professor-technikus.de\/index.php?rest_route=\/wp\/v2\/users\/1"}],"replies":[{"embeddable":true,"href":"https:\/\/www.professor-technikus.de\/index.php?rest_route=%2Fwp%2Fv2%2Fcomments&post=785"}],"version-history":[{"count":22,"href":"https:\/\/www.professor-technikus.de\/index.php?rest_route=\/wp\/v2\/pages\/785\/revisions"}],"predecessor-version":[{"id":1106,"href":"https:\/\/www.professor-technikus.de\/index.php?rest_route=\/wp\/v2\/pages\/785\/revisions\/1106"}],"wp:attachment":[{"href":"https:\/\/www.professor-technikus.de\/index.php?rest_route=%2Fwp%2Fv2%2Fmedia&parent=785"}],"curies":[{"name":"wp","href":"https:\/\/api.w.org\/{rel}","templated":true}]}}