{"id":730,"date":"2020-03-31T20:42:45","date_gmt":"2020-03-31T18:42:45","guid":{"rendered":"http:\/\/www.professor-technikus.de\/?page_id=730"},"modified":"2020-04-13T14:42:23","modified_gmt":"2020-04-13T12:42:23","slug":"scratch-kurs-fuer-kinder","status":"publish","type":"page","link":"https:\/\/www.professor-technikus.de\/?page_id=730","title":{"rendered":"Scratch-Kurs f\u00fcr Kinder"},"content":{"rendered":"<p>Die aktuelle Corona-Situation verhindert leider, dass wir unsere Scratch-Programmierkurse weiter in der Grundschule durchf\u00fchren k\u00f6nnen.<br \/>\nDa wir aber schon im Forscherkurs unsere Programme alle online erstellt haben (auf: <a href=\"https:\/\/scratch.mit.edu\" target=\"_blank\" rel=\"noopener\">www.scratch.mit.edu<\/a>), gibt es eine L\u00f6sung: Youtube!<br \/>\n<img loading=\"lazy\" class=\"aligncenter wp-image-737 size-large\" src=\"http:\/\/www.professor-technikus.de\/wp-content\/uploads\/scratch-youtube-1024x670.png\" alt=\"Scratch Professor Technikus\" width=\"604\" height=\"395\" srcset=\"https:\/\/www.professor-technikus.de\/wp-content\/uploads\/scratch-youtube-1024x670.png 1024w, https:\/\/www.professor-technikus.de\/wp-content\/uploads\/scratch-youtube-300x196.png 300w, https:\/\/www.professor-technikus.de\/wp-content\/uploads\/scratch-youtube-768x502.png 768w, https:\/\/www.professor-technikus.de\/wp-content\/uploads\/scratch-youtube.png 1319w\" sizes=\"(max-width: 604px) 100vw, 604px\" \/><br \/>\nIch habe Euch ein paar Videos erstellt, die die einzelnen Programmierschritte in Scratch genau erkl\u00e4ren. Ihr k\u00f6nnt sie Euch anschauen und es dann selber nachmachen:<\/p>\n<p>Teil 1: <a class=\"x_moz-txt-link-freetext\" href=\"https:\/\/youtu.be\/9VbIYlwD0Is\">Kuki Scratch &#8211; Programmstart<\/a><br \/>\nTeil 2: <a class=\"x_moz-txt-link-freetext\" href=\"https:\/\/youtu.be\/FguAArnkkUY\">Kuki Scratch &#8211; Die erste Figur<\/a><br \/>\nTeil 3: <a class=\"x_moz-txt-link-freetext\" href=\"https:\/\/youtu.be\/BqxDnMPLTYc\">Kuki Scratch &#8211; Die zweite Figur<\/a><br \/>\nTeil 4: <a class=\"x_moz-txt-link-freetext\" href=\"https:\/\/youtu.be\/ZoetFq1jEfU\">Kuki Scratch &#8211; Spiel anhalten bei Ber\u00fchrung<\/a><br \/>\nTeil 5: <a class=\"x_moz-txt-link-freetext\" href=\"https:\/\/youtu.be\/DgtCZPhi24U\">Kuki Scratch &#8211; Ein zweiter Hai<\/a><br \/>\nTeil 6: <a class=\"x_moz-txt-link-freetext\" href=\"https:\/\/youtu.be\/27u1PIeBPZw\">Kuki Scratch &#8211; Kost\u00fcme wechseln<\/a><br \/>\nTeil 7: <a id=\"watch-url\" class=\"style-scope ytcp-video-share-dialog\" href=\"https:\/\/youtu.be\/CabQsfDPoKE\" target=\"_blank\" rel=\"noopener\">Kuki Scratch &#8211; Zuf\u00e4lle einbauen<\/a><br \/>\nTeil 8: <a id=\"watch-url\" class=\"style-scope ytcp-video-share-dialog\" href=\"https:\/\/youtu.be\/c-4igdy7LfY\" target=\"_blank\" rel=\"noopener\">Kuki Scratch &#8211; X-Y-Koordinaten<\/a><br \/>\nTeil 9: <a id=\"watch-url\" class=\"style-scope ytcp-video-share-dialog\" href=\"https:\/\/youtu.be\/9c8HT4XahoI\" target=\"_blank\" rel=\"noopener\">Kuki Scratch &#8211; Variabel: Zeit<\/a><br \/>\nTeil 10:\u00a0<a href=\"https:\/\/youtu.be\/yf4tm__3ZBk\" target=\"_blank\" rel=\"noopener\">Kuki Scratch \u2013 Seesterne sammeln<\/a><br \/>\nTeil 11:\u00a0<a href=\"https:\/\/youtu.be\/L3ArAHLePaU\" target=\"_blank\" rel=\"noopener\">Kuki Scratch &#8211; Haibewegung immer schneller<\/a><\/p>\n<p>Als kleine Hilfe gibt es hier noch eine Datei als PDF:\u00a0<a href=\"http:\/\/www.professor-technikus.de\/wp-content\/uploads\/Scratch-Video-Screenshots.pdf\">Scratch-Video-Screenshots.<\/a> Hier findet Ihr alle Programmbefehle zu den Videos noch einmal abgebildet.<\/p>\n<p>Viel Spa\u00df beim Ausprobieren!<br \/>\nBleibt gesund und passt auf Euch und Andere gut auf.<\/p>\n<p>Wir sehen uns bald wieder, Euer Professor Technikus<\/p>\n","protected":false},"excerpt":{"rendered":"<p>Die aktuelle Corona-Situation verhindert leider, dass wir unsere Scratch-Programmierkurse weiter in der Grundschule durchf\u00fchren k\u00f6nnen. Da wir aber schon im Forscherkurs unsere Programme alle online erstellt haben (auf: www.scratch.mit.edu), gibt es eine L\u00f6sung: Youtube! Ich habe Euch ein paar Videos erstellt, die die einzelnen Programmierschritte in Scratch genau erkl\u00e4ren. Ihr k\u00f6nnt sie Euch anschauen und&hellip; <a class=\"more-link\" href=\"https:\/\/www.professor-technikus.de\/?page_id=730\"><span class=\"screen-reader-text\">Scratch-Kurs f\u00fcr Kinder<\/span> weiterlesen<\/a><\/p>\n","protected":false},"author":2,"featured_media":0,"parent":524,"menu_order":4,"comment_status":"closed","ping_status":"closed","template":"","meta":[],"_links":{"self":[{"href":"https:\/\/www.professor-technikus.de\/index.php?rest_route=\/wp\/v2\/pages\/730"}],"collection":[{"href":"https:\/\/www.professor-technikus.de\/index.php?rest_route=\/wp\/v2\/pages"}],"about":[{"href":"https:\/\/www.professor-technikus.de\/index.php?rest_route=\/wp\/v2\/types\/page"}],"author":[{"embeddable":true,"href":"https:\/\/www.professor-technikus.de\/index.php?rest_route=\/wp\/v2\/users\/2"}],"replies":[{"embeddable":true,"href":"https:\/\/www.professor-technikus.de\/index.php?rest_route=%2Fwp%2Fv2%2Fcomments&post=730"}],"version-history":[{"count":10,"href":"https:\/\/www.professor-technikus.de\/index.php?rest_route=\/wp\/v2\/pages\/730\/revisions"}],"predecessor-version":[{"id":747,"href":"https:\/\/www.professor-technikus.de\/index.php?rest_route=\/wp\/v2\/pages\/730\/revisions\/747"}],"up":[{"embeddable":true,"href":"https:\/\/www.professor-technikus.de\/index.php?rest_route=\/wp\/v2\/pages\/524"}],"wp:attachment":[{"href":"https:\/\/www.professor-technikus.de\/index.php?rest_route=%2Fwp%2Fv2%2Fmedia&parent=730"}],"curies":[{"name":"wp","href":"https:\/\/api.w.org\/{rel}","templated":true}]}}