{"id":538,"date":"2015-09-25T16:13:39","date_gmt":"2015-09-25T14:13:39","guid":{"rendered":"http:\/\/www.professor-technikus.de\/?page_id=538"},"modified":"2025-06-09T13:20:42","modified_gmt":"2025-06-09T11:20:42","slug":"kontakt","status":"publish","type":"page","link":"https:\/\/www.professor-technikus.de\/?page_id=538","title":{"rendered":"Kontakt"},"content":{"rendered":"\n<h2>Hier sind Sie richtig!<\/h2>\n\n\n\n<div class=\"wp-block-file\"><a href=\"https:\/\/www.professor-technikus.de\/wp-content\/uploads\/Flyer-KNuT-kommt.pdf\">Flyer-KNuT-kommt<\/a><a href=\"https:\/\/www.professor-technikus.de\/wp-content\/uploads\/Flyer-KNuT-kommt.pdf\" class=\"wp-block-file__button\" download>Herunterladen<\/a><\/div>\n\n\n\n<p>Sie suchen eine <strong>Alternative<\/strong> zu Trommlertagen, Zirkusschule, Theater- oder Kunstwoche, Zeitung in der Schule,&nbsp; Sportfest, Besuch der Stadtwerke, Umwelt- und Naturwoche, Musikal oder Spiele ohne Grenzen?<\/p>\n\n\n\n<p>Sie m\u00f6chten gerne Projekttage oder eine Projektwoche zum Thema &#8222;<strong>Naturwissenschaft und Technik<\/strong>&#8220; an Ihrer Schule durchf\u00fchren?<\/p>\n\n\n\n<p>Sie m\u00f6chten Ihren Sch\u00fclern eine au\u00dfergew\u00f6hnliche Projektwoche anbieten, die den Bereich <strong>MINT (Mathematik, Informatik, Naturwissenschaft und Technik)<\/strong> auf spielerische Weise vermittelt und jeden Sch\u00fcler aktiv beteiligt?<\/p>\n\n\n\n<p>Sie suchen ein Projektwochen-Thema, welches das<strong> Schulimage st\u00e4rkt<\/strong> und mit einer \u00f6ffentlichkeitswirksamen Abschlussveranstaltung auch die ganze Familie, Freunde und Medien begeistert?<\/p>\n\n\n\n<p>Sie suchen ein tolles, <strong>nachhaltiges Erlebnis<\/strong> f\u00fcr die Kinder in Ihrer Schule &#8211; <strong>ohne Reise<\/strong> in einen Science-Park oder ein Museum?<\/p>\n\n\n\n<p>Sie suchen jemanden, der das Thema &#8222;Technik&#8220; so aufbereitet und vorbereitet, dass alle Beteiligten (Sch\u00fcler, Lehrer, Eltern, etc.) <strong>Spass an den technischen Experimenten<\/strong> haben und viel Spannendes erleben?<\/p>\n\n\n\n<p>Sie suchen Themen, die Sie auch nach der Projektwoche noch <strong>im Unterricht weiter vertiefen<\/strong> k\u00f6nnen?<\/p>\n\n\n\n<h2>MITMACHVORTR\u00c4GE F\u00dcR KINDER UND FAMILIEN<\/h2>\n\n\n\n<p>Sie suchen einen <strong>familientauglichen Mitmachvortrag<\/strong> zum Thema &#8222;Naturwissenschaft und Technik&#8220;?<\/p>\n\n\n\n<p>Sie m\u00f6chten gerne an Ihrer Schule <strong>Forscherkurse<\/strong> anbieten?<\/p>\n\n\n\n<p>Sie m\u00f6chten gern mit Ihrem Kollegium einen <strong>Weiterbildungstag\/P\u00e4dagogischen Tag<\/strong> zum Thema &#8222;Naturwissenschaft und Technik&#8220; durchf\u00fchren?<\/p>\n\n\n\n<p>Sie suchen einen Ansprechpartner, der f\u00fcr Sie Ideen f\u00fcr <strong>kinder- und familientaugliche Experimente<\/strong> entwickelt?<\/p>\n\n\n\n<p>Sie m\u00f6chten &#8222;KNuT-kommt&#8220; <strong>unterst\u00fctzen<\/strong> und die Forscherkursaktivit\u00e4ten <strong>als Sponsor<\/strong> begleiten?<\/p>\n\n\n\n<h2>HIER ERREICHEN SIE UNS<\/h2>\n\n\n\n<p>Wenn Sie eine oder mehrere Fragen mit &#8222;<strong>JA<\/strong>&#8220; beantworten, dann sollten wir einmal pers\u00f6nlich miteinander reden.<br>Bitte schicken Sie einfach eine kurze Email an<\/p>\n\n\n\n<p class=\"has-text-align-center\"><strong>kontakt(at)professor-technikus.de<\/strong><\/p>\n\n\n\n<p class=\"has-text-align-left\">oder rufen Sie unverbindlich an unter<\/p>\n\n\n\n<p class=\"has-text-align-center\"><strong>02104 &#8211; 797 147<\/strong><\/p>\n\n\n\n<p>Ich freue mich auf Ihre Nachricht!<br>Ihr Carsten Krause<\/p>\n\n\n\n<p><strong>Bitte beachten Sie, dass wir unser Angebot in erster Linie im Gro\u00dfraum D\u00fcsseldorf (max. 1h Fahrzeit entfernt von Erkrath) anbieten. Weitere Fahrtstrecken l\u00f6sen meist erh\u00f6hte Transport- und \u00dcbernachtungskosten aus!<\/strong><\/p>\n","protected":false},"excerpt":{"rendered":"<p>Hier sind Sie richtig! Sie suchen eine Alternative zu Trommlertagen, Zirkusschule, Theater- oder Kunstwoche, Zeitung in der Schule,&nbsp; Sportfest, Besuch der Stadtwerke, Umwelt- und Naturwoche, Musikal oder Spiele ohne Grenzen? Sie m\u00f6chten gerne Projekttage oder eine Projektwoche zum Thema &#8222;Naturwissenschaft und Technik&#8220; an Ihrer Schule durchf\u00fchren? Sie m\u00f6chten Ihren Sch\u00fclern eine au\u00dfergew\u00f6hnliche Projektwoche anbieten, die&hellip; <a class=\"more-link\" href=\"https:\/\/www.professor-technikus.de\/?page_id=538\"><span class=\"screen-reader-text\">Kontakt<\/span> weiterlesen<\/a><\/p>\n","protected":false},"author":1,"featured_media":0,"parent":0,"menu_order":6,"comment_status":"closed","ping_status":"closed","template":"","meta":[],"_links":{"self":[{"href":"https:\/\/www.professor-technikus.de\/index.php?rest_route=\/wp\/v2\/pages\/538"}],"collection":[{"href":"https:\/\/www.professor-technikus.de\/index.php?rest_route=\/wp\/v2\/pages"}],"about":[{"href":"https:\/\/www.professor-technikus.de\/index.php?rest_route=\/wp\/v2\/types\/page"}],"author":[{"embeddable":true,"href":"https:\/\/www.professor-technikus.de\/index.php?rest_route=\/wp\/v2\/users\/1"}],"replies":[{"embeddable":true,"href":"https:\/\/www.professor-technikus.de\/index.php?rest_route=%2Fwp%2Fv2%2Fcomments&post=538"}],"version-history":[{"count":9,"href":"https:\/\/www.professor-technikus.de\/index.php?rest_route=\/wp\/v2\/pages\/538\/revisions"}],"predecessor-version":[{"id":1107,"href":"https:\/\/www.professor-technikus.de\/index.php?rest_route=\/wp\/v2\/pages\/538\/revisions\/1107"}],"wp:attachment":[{"href":"https:\/\/www.professor-technikus.de\/index.php?rest_route=%2Fwp%2Fv2%2Fmedia&parent=538"}],"curies":[{"name":"wp","href":"https:\/\/api.w.org\/{rel}","templated":true}]}}