{"id":524,"date":"2015-09-17T18:12:09","date_gmt":"2015-09-17T16:12:09","guid":{"rendered":"http:\/\/www.professor-technikus.de\/?page_id=524"},"modified":"2021-01-27T15:30:37","modified_gmt":"2021-01-27T14:30:37","slug":"infobereich-forscher-themen","status":"publish","type":"page","link":"https:\/\/www.professor-technikus.de\/?page_id=524","title":{"rendered":"Infobereich"},"content":{"rendered":"<p>In den Forscherkursen und Projektwochen gehe ich gemeinsam mit den Kindern den unterschiedlichsten Fragen und Technik-Themen nach, z.B.:<\/p>\n<ul>\n<li>Alles rund um die Mobilit\u00e4t: Autos, Flugzeug, Schiffe, Fahrrad und Raketen<\/li>\n<li>Elektrizit\u00e4t, Computer und Digitalkamera<\/li>\n<li>Technik f\u00fcr die Sinne: Akustik und Optik<\/li>\n<li>Bautechnik: Mechanik, Br\u00fccken, Murmelbahn, Stabilit\u00e4t und Gleichgewicht<\/li>\n<li>Maschinen und Roboter<\/li>\n<li>Merkw\u00fcrdige Dinge und Ger\u00e4te aus dem Alltag<\/li>\n<\/ul>\n<p>Eine <strong>Auflistung der vielen Fragen und Forscherthemen<\/strong> finden Sie unter &#8222;<a href=\"http:\/\/www.professor-technikus.de\/?page_id=292\">Forscherfragen<\/a>&#8220;<\/p>\n<p>Unz\u00e4hlige Ideen f\u00fcr die Experimente kann man im Internet, in Fachzeitschriften oder auch in B\u00fcchern finden. Im Laufe der Jahre ist so bei mir eine stattliche Anzahl von Experimente-B\u00fcchern zusammengekommen. Nicht alle eignen sich gleich gut f\u00fcr die Vorbereitung von Forscherstunden und Experimentierstunden mit Kindern.<br \/>\nIn einer losen Folge rezensiere ich Experimente-B\u00fccher und bewerte sie auf ihre Tauglichkeit f\u00fcr den Einsatz in der Schule.<\/p>\n<p>Eine <strong>\u00dcbersicht aller Buchbesprechungen<\/strong> (inkl. Ranking) finden Sie unter &#8222;<a href=\"http:\/\/www.professor-technikus.de\/?page_id=23\">Experimente-B\u00fccher: Rezensionen<\/a>&#8220;<\/p>\n<p>Obwohl durch die Smartphones das Fotografieren f\u00fcr Kinder scheinbar m\u00fchelos wird, liegt mir das Thema &#8222;Digitalfotografie&#8220; immer noch sehr am Herzen. In vielen kleinen Beitr\u00e4gen befasse ich mich daher mit den verschiedenen Themen rund um die Digitalfotografie.<br \/>\nEin (wachsendes) <strong>Inhaltsverzeichnis<\/strong> zur <strong>Digitalfotografie<\/strong> mit Links zu den Artikeln finden Sie unter &#8222;<a href=\"http:\/\/www.professor-technikus.de\/?page_id=156\">Foto-Kurs (f\u00fcr Kinder)<\/a>&#8220;<\/p>\n<p>Viel Spa\u00df beim St\u00f6bern!<\/p>\n","protected":false},"excerpt":{"rendered":"<p>In den Forscherkursen und Projektwochen gehe ich gemeinsam mit den Kindern den unterschiedlichsten Fragen und Technik-Themen nach, z.B.: Alles rund um die Mobilit\u00e4t: Autos, Flugzeug, Schiffe, Fahrrad und Raketen Elektrizit\u00e4t, Computer und Digitalkamera Technik f\u00fcr die Sinne: Akustik und Optik Bautechnik: Mechanik, Br\u00fccken, Murmelbahn, Stabilit\u00e4t und Gleichgewicht Maschinen und Roboter Merkw\u00fcrdige Dinge und Ger\u00e4te aus&hellip; <a class=\"more-link\" href=\"https:\/\/www.professor-technikus.de\/?page_id=524\"><span class=\"screen-reader-text\">Infobereich<\/span> weiterlesen<\/a><\/p>\n","protected":false},"author":1,"featured_media":0,"parent":0,"menu_order":3,"comment_status":"closed","ping_status":"closed","template":"","meta":[],"_links":{"self":[{"href":"https:\/\/www.professor-technikus.de\/index.php?rest_route=\/wp\/v2\/pages\/524"}],"collection":[{"href":"https:\/\/www.professor-technikus.de\/index.php?rest_route=\/wp\/v2\/pages"}],"about":[{"href":"https:\/\/www.professor-technikus.de\/index.php?rest_route=\/wp\/v2\/types\/page"}],"author":[{"embeddable":true,"href":"https:\/\/www.professor-technikus.de\/index.php?rest_route=\/wp\/v2\/users\/1"}],"replies":[{"embeddable":true,"href":"https:\/\/www.professor-technikus.de\/index.php?rest_route=%2Fwp%2Fv2%2Fcomments&post=524"}],"version-history":[{"count":4,"href":"https:\/\/www.professor-technikus.de\/index.php?rest_route=\/wp\/v2\/pages\/524\/revisions"}],"predecessor-version":[{"id":862,"href":"https:\/\/www.professor-technikus.de\/index.php?rest_route=\/wp\/v2\/pages\/524\/revisions\/862"}],"wp:attachment":[{"href":"https:\/\/www.professor-technikus.de\/index.php?rest_route=%2Fwp%2Fv2%2Fmedia&parent=524"}],"curies":[{"name":"wp","href":"https:\/\/api.w.org\/{rel}","templated":true}]}}