{"id":488,"date":"2015-08-12T15:51:49","date_gmt":"2015-08-12T13:51:49","guid":{"rendered":"http:\/\/www.professor-technikus.de\/?page_id=488"},"modified":"2015-09-25T15:47:21","modified_gmt":"2015-09-25T13:47:21","slug":"die-eigene-neugier","status":"publish","type":"page","link":"https:\/\/www.professor-technikus.de\/?page_id=488","title":{"rendered":"Die eigene Neugier"},"content":{"rendered":"<p>Das umfassende Angebot an brandaktuellen Weiterbildungsthemen f\u00fcr Ingenieure bietet nat\u00fcrlich auch gleichzeitig ein F\u00fcllhorn an Angeboten f\u00fcr die eigene Weiterbildung. So nutzte Carsten Krause aktiv die Gelegenheiten, um sich bzgl. Innovationsmanagement, Ideenfindung und -bewertung, Projektmanagement, BWL und Marketing sowie der Robotik weiterzubilden.<br \/>\nDurch ein berufsbegleitendes Angebot der teleakademie der FH Furtwangen qualifizierte er sich zudem als \u201eExperte f\u00fcr neue Lerntechnologien\u201c, etablierte eine Lernplattform auf Basis der freien Software ILIAS und f\u00fchrte erfolgreich \u201eBlended-Learning\u201c-Veranstaltungen ein.<\/p>\n<p><strong>Ultimative Lobhudelei: Auszeichnungen<\/strong><br \/>\nF\u00fcr seine Doktorarbeit aus dem Bereich der mobilen Robotik wurde Carsten Krause die Borchers-Plakette der RWTH Aachen verliehen. Auf dem Innovationskongress in D\u00fcsseldorf hatte er au\u00dferdem Gelegenheit, seine Projektarbeit den Medien und hochrangigen Vertretern aus Politik und Wirtschaft zu demonstrieren, u.a. Gerhard Schr\u00f6der und Wolfgang Clement.<br \/>\nEr gewann au\u00dferdem einen ersten Preis beim Gr\u00fcnderwettbewerb Multimedia des BMWi mit seinem Konzept f\u00fcr Multimedial\u00f6sungen f\u00fcr den Maschinenbau. \u00dcberraschend gewann er auch &#8211; mit einem eher unkonventionellen Beitrag &#8211; den Fotowettbewerb &#8222;Hochschulalltag&#8220; anl\u00e4sslich des 125-ten Geburtstages der RWTH Aachen ;-)<\/p>\n<p><strong>Freizeit und weitere Interessen<\/strong><br \/>\nNeben der Fotografie &#8211; insbesondere der 3D-Fotografie &#8211; sind Gesellschafts-\/Brettspiele ein gro\u00dfes Hobby von Carsten Krause. Besonders reizen ihn Spiele wie \u201eStar Trek CCG\u201c, \u201eStar Realms\u201c, \u201eDominion\u201c oder \u201eF\u00fcrsten von Catan\u201c.<br \/>\nApropos Spiele: LEGO-Technik und Fischertechnik wird nicht nur gebaut und gesammelt, sondern findet nat\u00fcrlich auch reichlich Gelegenheit, in den Forscherkursen eingesetzt zu werden. Gerade bei den technischen Themen sind diese Bauteile einfach ideal &#8211; insbesondere die der LEGO-Roboter-Serie (Mindstorms).<br \/>\nAber auch die Faszination f\u00fcr Schiffe, insbesondere f\u00fcr Seenotrettungskreuzer, h\u00e4lt bis heute vor. Nicht nur bei den regelm\u00e4\u00dfigen Urlauben auf der Insel Helgoland nutzt Carsten Krause jede M\u00f6glichkeit, sich \u00fcber die neusten Entwicklungen dieser High-Tech-Schiffe auf dem Laufenden zu halten. So zieht sich der Kontakt zu den <a href=\"http:\/\/www.professor-technikus.de\/?p=395\">Seenotrettern <\/a>wie ein roter Faden durch seinen Lebenslauf.<\/p>\n","protected":false},"excerpt":{"rendered":"<p>Das umfassende Angebot an brandaktuellen Weiterbildungsthemen f\u00fcr Ingenieure bietet nat\u00fcrlich auch gleichzeitig ein F\u00fcllhorn an Angeboten f\u00fcr die eigene Weiterbildung. So nutzte Carsten Krause aktiv die Gelegenheiten, um sich bzgl. Innovationsmanagement, Ideenfindung und -bewertung, Projektmanagement, BWL und Marketing sowie der Robotik weiterzubilden. Durch ein berufsbegleitendes Angebot der teleakademie der FH Furtwangen qualifizierte er sich zudem&hellip; <a class=\"more-link\" href=\"https:\/\/www.professor-technikus.de\/?page_id=488\"><span class=\"screen-reader-text\">Die eigene Neugier<\/span> weiterlesen<\/a><\/p>\n","protected":false},"author":1,"featured_media":0,"parent":530,"menu_order":5,"comment_status":"closed","ping_status":"closed","template":"","meta":[],"_links":{"self":[{"href":"https:\/\/www.professor-technikus.de\/index.php?rest_route=\/wp\/v2\/pages\/488"}],"collection":[{"href":"https:\/\/www.professor-technikus.de\/index.php?rest_route=\/wp\/v2\/pages"}],"about":[{"href":"https:\/\/www.professor-technikus.de\/index.php?rest_route=\/wp\/v2\/types\/page"}],"author":[{"embeddable":true,"href":"https:\/\/www.professor-technikus.de\/index.php?rest_route=\/wp\/v2\/users\/1"}],"replies":[{"embeddable":true,"href":"https:\/\/www.professor-technikus.de\/index.php?rest_route=%2Fwp%2Fv2%2Fcomments&post=488"}],"version-history":[{"count":2,"href":"https:\/\/www.professor-technikus.de\/index.php?rest_route=\/wp\/v2\/pages\/488\/revisions"}],"predecessor-version":[{"id":493,"href":"https:\/\/www.professor-technikus.de\/index.php?rest_route=\/wp\/v2\/pages\/488\/revisions\/493"}],"up":[{"embeddable":true,"href":"https:\/\/www.professor-technikus.de\/index.php?rest_route=\/wp\/v2\/pages\/530"}],"wp:attachment":[{"href":"https:\/\/www.professor-technikus.de\/index.php?rest_route=%2Fwp%2Fv2%2Fmedia&parent=488"}],"curies":[{"name":"wp","href":"https:\/\/api.w.org\/{rel}","templated":true}]}}