{"id":482,"date":"2015-08-12T15:41:19","date_gmt":"2015-08-12T13:41:19","guid":{"rendered":"http:\/\/www.professor-technikus.de\/?page_id=482"},"modified":"2021-01-27T15:28:40","modified_gmt":"2021-01-27T14:28:40","slug":"beruflicher-hintergrund","status":"publish","type":"page","link":"https:\/\/www.professor-technikus.de\/?page_id=482","title":{"rendered":"Beruflicher Hintergrund"},"content":{"rendered":"<p>Carsten Krause hat an der RWTH Aachen Maschinenbau studiert und im Bereich \u201eMechatronik\u201c promoviert. Aus dem urspr\u00fcnglichen Interesse Schiffe zu bauen, wuchs schnell ein sehr vielseitiges Interesse an technischen Themen. So hat er sich im Hauptstudium mit Medizintechnik (von Zahnspangen bis 3D-Video) befasst, sp\u00e4ter intensiv mit Robotik und Multimedia-Anwendungen im Maschinenbau.<\/p>\n<p><strong>Ingenieursausbildung mit Blick \u00fcber den Tellerrand<\/strong><br \/>\nWichtig war Carsten Krause aber stets der Blick \u00fcber den Tellerrand. So hat er sich in Studienarbeiten mit dem Bildungssystem des Maschinenbaustudiums auseinandergesetzt, hat sich w\u00e4hrend eines Auslandsaufenthaltes mit Arbeits- und Umweltbedingungen in Taiwan besch\u00e4ftigt und war Mitglied des Studierendenparlamentes, des Konvents der RWTH Aachen und hat zuletzt f\u00fcr den Stadtrat in Aachen kandidiert.<\/p>\n<p><strong>Berufliche Stationen<\/strong><br \/>\nNach dem Studium war Carsten Krause einige Jahre als wissenschaftlicher Mitarbeiter am Europ\u00e4ischen Centrum f\u00fcr Mechatronik besch\u00e4ftigt und leitete zuletzt die Arbeitsgruppen \u201eMobile Roboter\u201c und \u201eMultimedia\u201c. Es folgte eine spannende Zeit als Technologieberater f\u00fcr High-Tech-Regionen.<br \/>\nAnschlie\u00dfend begann er sein T\u00e4tigkeit in der Erwachsenenbildung bei der VDI Wissensforum GmbH, bei der er noch heute als Produktmanager t\u00e4tig ist. Carsten Krause ist dort verantwortlich f\u00fcr Konzepte, Durchf\u00fchrung, Vermarktung und Budget von Weiterbildungsangeboten (Seminare, Tagungen, Konferenzen) f\u00fcr Ingenieure. In seinen Bereich fallen \u00fcber 200 Veranstaltungen pro Jahr, u.a. aus den Themen- und Arbeitsbereichen \u201eKonstruktion und Entwicklung\u201c, \u201eProduktentwicklung und Innovationsmanagement\u201c, \u201eTechnische Dokumentation\u201c und &#8222;Automatisierungstechnik&#8220; sowie \u00fcbergreifende Themen wie \u201eRobotik\u201c und \u201eBionik\u201c.<\/p>\n<p><strong>Unkonventionelle L\u00f6sungen<\/strong><br \/>\nNeben den \u201eStandardveranstaltungen\u201c brachte Carsten Krause aber auch v\u00f6llig neue Seminarkonzepte erfolgreich an den Markt. So l\u00e4uft seit vielen Jahren erfolgreich sein ungew\u00f6hnliches Seminar zur Stressbew\u00e4ltigung in Kooperation mit einem Schie\u00dfsportzentrum, an dem auch Polizisten und Spezialeinheiten trainieren (siehe auch <a href=\"https:\/\/qeweb.de\/infos\/presse\/index.html\" target=\"_blank\" rel=\"noopener\">Presseberichte hier<\/a>). Oder das sehr erfolgreiche Seminar zum Skizzieren und Freihandzeichnen, bei dem zwei Tage lang nur gezeichnet wird.<\/p>\n<p>Wer immer noch nicht genug hat: <a href=\"https:\/\/www.professor-technikus.de\/?page_id=488\">Die eigene Neugier<\/a><\/p>\n","protected":false},"excerpt":{"rendered":"<p>Carsten Krause hat an der RWTH Aachen Maschinenbau studiert und im Bereich \u201eMechatronik\u201c promoviert. Aus dem urspr\u00fcnglichen Interesse Schiffe zu bauen, wuchs schnell ein sehr vielseitiges Interesse an technischen Themen. So hat er sich im Hauptstudium mit Medizintechnik (von Zahnspangen bis 3D-Video) befasst, sp\u00e4ter intensiv mit Robotik und Multimedia-Anwendungen im Maschinenbau. Ingenieursausbildung mit Blick \u00fcber&hellip; <a class=\"more-link\" href=\"https:\/\/www.professor-technikus.de\/?page_id=482\"><span class=\"screen-reader-text\">Beruflicher Hintergrund<\/span> weiterlesen<\/a><\/p>\n","protected":false},"author":1,"featured_media":0,"parent":530,"menu_order":3,"comment_status":"closed","ping_status":"closed","template":"","meta":[],"_links":{"self":[{"href":"https:\/\/www.professor-technikus.de\/index.php?rest_route=\/wp\/v2\/pages\/482"}],"collection":[{"href":"https:\/\/www.professor-technikus.de\/index.php?rest_route=\/wp\/v2\/pages"}],"about":[{"href":"https:\/\/www.professor-technikus.de\/index.php?rest_route=\/wp\/v2\/types\/page"}],"author":[{"embeddable":true,"href":"https:\/\/www.professor-technikus.de\/index.php?rest_route=\/wp\/v2\/users\/1"}],"replies":[{"embeddable":true,"href":"https:\/\/www.professor-technikus.de\/index.php?rest_route=%2Fwp%2Fv2%2Fcomments&post=482"}],"version-history":[{"count":6,"href":"https:\/\/www.professor-technikus.de\/index.php?rest_route=\/wp\/v2\/pages\/482\/revisions"}],"predecessor-version":[{"id":860,"href":"https:\/\/www.professor-technikus.de\/index.php?rest_route=\/wp\/v2\/pages\/482\/revisions\/860"}],"up":[{"embeddable":true,"href":"https:\/\/www.professor-technikus.de\/index.php?rest_route=\/wp\/v2\/pages\/530"}],"wp:attachment":[{"href":"https:\/\/www.professor-technikus.de\/index.php?rest_route=%2Fwp%2Fv2%2Fmedia&parent=482"}],"curies":[{"name":"wp","href":"https:\/\/api.w.org\/{rel}","templated":true}]}}