{"id":34,"date":"2012-01-19T20:55:34","date_gmt":"2012-01-19T19:55:34","guid":{"rendered":"http:\/\/www.professor-technikus.de\/?page_id=34"},"modified":"2015-09-25T15:49:26","modified_gmt":"2015-09-25T13:49:26","slug":"impressum","status":"publish","type":"page","link":"https:\/\/www.professor-technikus.de\/?page_id=34","title":{"rendered":"Impressum"},"content":{"rendered":"<p><strong><span style=\"font-weight: normal;\">Dr.-Ing. Carsten Krause<br \/>\nL\u00e4rchenweg 7<br \/>\n40699 Erkrath<\/span><\/strong><\/p>\n<p><strong>Tel<\/strong>.: 02104 &#8211; 797 147<br \/>\n<strong>Mail<\/strong>: kontakt(at)professor-technikus.de<\/p>\n<p><strong>Nutzungsrechte<\/strong><br \/>\nCopyright \u00a9 by Carsten Krause, Erkrath<br \/>\nAlle Rechte vorbehalten.<\/p>\n<p>Alle Texte, Grafiken und Fotos dieser Web-Site sind als Eigentum von Carsten Krause urheberrechtlich gesch\u00fctzt. Jede Weiterverwendung &#8211; auch auszugsweise &#8211; ist ohne schriftliche Genehmigung von Carsten Krause untersagt. Die unerlaubte Verwendung, Reproduktion oder Weitergabe einzelner Inhalte oder ganzer Seiten k\u00f6nnen zivil- und strafrechtlich verfolgt werden.<br \/>\nTexte, Marken und Warenzeichen, die auf dieser Site zitiert werden, bleiben das urheberrechtlich und markenrechtlich gesch\u00fctzte Eigentum des jeweiligen Inhabers.<\/p>\n<p><strong>Verweise auf externe Webseiten<\/strong><br \/>\nDie Website von &#8222;Prof. Technikus&#8220; enth\u00e4lt Verweise (Links) zu Informationsangeboten auf Servern, die nicht der Kontrolle und Verantwortlichkeit von Carsten Krause unterliegen.<\/p>\n<p><strong>Haftungshinweis<\/strong><br \/>\nTrotz sorgf\u00e4ltiger inhaltlicher Kontrolle \u00fcbernimmt Carsten Krause keine Haftung f\u00fcr die Inhalte oder die Aktualit\u00e4t externer Links. F\u00fcr den Inhalt der verlinkten Seiten sind ausschlie\u00dflich deren Betreiber verantwortlich. Carsten Krause hat keinen Einfluss darauf, dass diese die Datenschutz- oder andere rechtliche Bestimmungen einhalten.<\/p>\n<p>Carsten Krause ist bem\u00fcht, das Webangebot stets aktuell und inhaltlich richtig sowie vollst\u00e4ndig anzubieten. Dennoch ist das Auftreten von Fehlern nicht v\u00f6llig auszuschlie\u00dfen. Carsten Krause \u00fcbernimmt keine Haftung f\u00fcr die Aktualit\u00e4t, die inhaltliche Richtigkeit, die Ungef\u00e4hrlichkeit sowie f\u00fcr die Vollst\u00e4ndigkeit der in seinem Webangebot eingestellten Informationen, es sei denn, die Fehler wurden vors\u00e4tzlich oder grob fahrl\u00e4ssig aufgenommen. Dies bezieht sich auch auf eventuelle Sch\u00e4den materieller oder ideeller Art Dritter, die durch die Nutzung dieses Webangebots verursacht wurden. Die Benutzung der Arbeitsunterlagen und Experimentierempfehlungen geschieht auf eigene Gefahr.<\/p>\n<p><strong>Einsatz von Cookies<\/strong><br \/>\nTeilweise kommen bei der Benutzung der Website Cookies zum Einsatz. Die meisten Browser sind so eingestellt, dass sie Cookies automatisch akzeptieren. Sie k\u00f6nnen das Speichern von Cookies jedoch deaktivieren oder Ihren Browser so einstellen, dass er Sie benachrichtigt, sobald Cookies gesendet werden.<\/p>\n<p>Cookies sind kleine Textdateien, die auf Ihrem Rechner abgelegt werden und die Ihr Browser speichert. Die meisten der von uns verwendeten Cookies sind so genannte \u201eSession-Cookies&#8220;. Sie werden nach Ende Ihres Besuchs automatisch gel\u00f6scht. Cookies richten auf Ihrem Rechner keinen Schaden an und enthalten keine Viren.<\/p>\n","protected":false},"excerpt":{"rendered":"<p>Dr.-Ing. Carsten Krause L\u00e4rchenweg 7 40699 Erkrath Tel.: 02104 &#8211; 797 147 Mail: kontakt(at)professor-technikus.de Nutzungsrechte Copyright \u00a9 by Carsten Krause, Erkrath Alle Rechte vorbehalten. Alle Texte, Grafiken und Fotos dieser Web-Site sind als Eigentum von Carsten Krause urheberrechtlich gesch\u00fctzt. Jede Weiterverwendung &#8211; auch auszugsweise &#8211; ist ohne schriftliche Genehmigung von Carsten Krause untersagt. Die unerlaubte&hellip; <a class=\"more-link\" href=\"https:\/\/www.professor-technikus.de\/?page_id=34\"><span class=\"screen-reader-text\">Impressum<\/span> weiterlesen<\/a><\/p>\n","protected":false},"author":2,"featured_media":0,"parent":0,"menu_order":7,"comment_status":"closed","ping_status":"closed","template":"","meta":[],"_links":{"self":[{"href":"https:\/\/www.professor-technikus.de\/index.php?rest_route=\/wp\/v2\/pages\/34"}],"collection":[{"href":"https:\/\/www.professor-technikus.de\/index.php?rest_route=\/wp\/v2\/pages"}],"about":[{"href":"https:\/\/www.professor-technikus.de\/index.php?rest_route=\/wp\/v2\/types\/page"}],"author":[{"embeddable":true,"href":"https:\/\/www.professor-technikus.de\/index.php?rest_route=\/wp\/v2\/users\/2"}],"replies":[{"embeddable":true,"href":"https:\/\/www.professor-technikus.de\/index.php?rest_route=%2Fwp%2Fv2%2Fcomments&post=34"}],"version-history":[{"count":9,"href":"https:\/\/www.professor-technikus.de\/index.php?rest_route=\/wp\/v2\/pages\/34\/revisions"}],"predecessor-version":[{"id":537,"href":"https:\/\/www.professor-technikus.de\/index.php?rest_route=\/wp\/v2\/pages\/34\/revisions\/537"}],"wp:attachment":[{"href":"https:\/\/www.professor-technikus.de\/index.php?rest_route=%2Fwp%2Fv2%2Fmedia&parent=34"}],"curies":[{"name":"wp","href":"https:\/\/api.w.org\/{rel}","templated":true}]}}