{"id":23,"date":"2012-01-15T16:38:49","date_gmt":"2012-01-15T15:38:49","guid":{"rendered":"http:\/\/www.professor-technikus.de\/?page_id=23"},"modified":"2016-01-25T18:31:11","modified_gmt":"2016-01-25T17:31:11","slug":"die-buchliste","status":"publish","type":"page","link":"https:\/\/www.professor-technikus.de\/?page_id=23","title":{"rendered":"Experimente-B\u00fccher: Rezensionen"},"content":{"rendered":"<figure style=\"width: 292px\" class=\"wp-caption alignleft\"><img loading=\"lazy\" class=\"\" src=\"http:\/\/www.krause-rehse.de\/images\/blogimages\/exp-buecher.jpg\" alt=\"Sammlung von Experimente-B\u00fcchern\" width=\"292\" height=\"367\" \/><figcaption class=\"wp-caption-text\">Experimente-B\u00fccher (Foto: C. Krause)<\/figcaption><\/figure>\n<p>Ideen f\u00fcr die Experimente aus allen Lebensbereichen bekomme ich auch aus Experimente-B\u00fcchern, von denen es unz\u00e4hlige auf dem Markt gibt. Manche werden auch einfach im neuen Gewand immer wieder neu aufgelegt.<\/p>\n<p>Die meisten Experimente-B\u00fccher richten sich direkt an Kinder und sind deshalb wohl auch in der \u201cDu\u201d-Form geschrieben. Ich bin allerdings \u00e4u\u00dferst skeptisch, dass Kinder sich tats\u00e4chlich aufgefordert f\u00fchlen, die beschriebenen Experimente allein durchzuf\u00fchren.<br \/>\nNat\u00fcrlich gibt es auch B\u00fccher, die sich an Erzieherinnen und Erzieher sowie Lehrer und Lehrerinnen richten. Meist gut am deutlich h\u00f6heren Preis und dem Untertitel \u201ef\u00fcr den Sachunterricht\u201c zu erkennen.<\/p>\n<p>Leider ist auch die Qualit\u00e4t der B\u00fccher sehr unterschiedlich und damit auch ihre Eignung f\u00fcr die Vorbereitung von Experimentierstunden und Forscherkursen. Um hier ein wenig Orientierung zu bieten, stelle ich die Experimente-B\u00fccher meiner Sammlung vor und bewerte sie aus meiner ganz pers\u00f6nlichen Sicht. Alle B\u00fccher sind selbst gekauft und bezahlt. Um unabh\u00e4ngig zu bleiben, werden auch keine Links zu irgendwelchen Online-Buchshops gesetzt oder Coverbilder der Verlage verwendet.<\/p>\n<p>Zur besseren \u00dcbersicht sind alle Experimente-B\u00fccher, \u00fcber die eine Rezension vorhanden ist, hier aufgelistet. Die Reihenfolge gibt meine pers\u00f6nliche Wertung wieder.<\/p>\n<h2>Mein Ranking der Experimente-B\u00fccher:<\/h2>\n<p>(nach ihrer Gesamtpunktzahl, max. erreichbar: 40 Punkte):<\/p>\n<ol>\n<li><a title=\"LEGO\u00ae-Roboter \u2013 Bauen und programmieren mit LEGO\u00ae Mindstorms\u00ae NXT 2.0\" href=\"http:\/\/www.professor-technikus.de\/?p=99\">LEGO\u00ae-Roboter<\/a> (38 Punkte)<br \/>\nvon Laurens Valk<\/li>\n<li><a title=\"Kinderbrockhaus \u2013 Experimente\" href=\"http:\/\/www.professor-technikus.de\/?p=18\">Kinderbrockhaus &#8211; Experimente<\/a> (37 Punkte)<br \/>\nvon Joachim Hecker<\/li>\n<li><a title=\"Verbl\u00fcffende Experimente aus der Naturwissenschaft\" href=\"http:\/\/www.professor-technikus.de\/?p=89\">Verbl\u00fcffende Experimente aus der Naturwissenschaft<\/a> (33 Punkte)<br \/>\nvon Joachim Bublath<\/li>\n<li><a title=\"Spiel das Wissen schafft\" href=\"http:\/\/www.professor-technikus.de\/?p=71\">Spiel das Wissen schafft<\/a> (33 Punkte)<br \/>\nvon Hans J\u00fcrgen Press<\/li>\n<li><a title=\"Buchrezension: Physikalische Freihandexperimente\" href=\"http:\/\/www.professor-technikus.de\/?p=413\">Physikalische Freihandexperimente<\/a> (32 Punkte)<br \/>\nvon Clemens Berthold, Daniela Binzer, Gunther Braam, J\u00fcrgen Haubrich, Markus Herfert, Helmut Hilscher, J\u00fcrgen Kraus, Christian M\u00f6ller<\/li>\n<li><a title=\"Was ist Was \u2013 Das gro\u00dfe Buch der Experimente\" href=\"http:\/\/www.professor-technikus.de\/?p=65\">Was ist Was &#8211; Das gro\u00dfe Buch der Experimente<\/a> (28 Punkte)<br \/>\nvon Rainer K\u00f6the<\/li>\n<li><a href=\"http:\/\/www.professor-technikus.de\/?p=579\">Werkstatt Raketen und Flieger<\/a><br \/>\n<a href=\"http:\/\/www.professor-technikus.de\/?p=579\"> Raketen, Fallschirme, Hubschrauber und Flugzeuge selber bauen<\/a> (28 Punkte)<br \/>\nvon Uwe Wandrey<\/li>\n<li><a title=\"Buchrezension: Geniale Experimente\" href=\"http:\/\/www.professor-technikus.de\/?p=407\">Geniale Experimente &#8211; Naturwissenschaften zum Ausprobieren<\/a> (27 Punkte)<br \/>\nvon Joachim Hecker<strong><br \/>\n<\/strong><\/li>\n<li><a href=\"http:\/\/www.professor-technikus.de\/?p=571\" target=\"_blank\">The LEGO\u00ae Power Functions Idea Book(s)<\/a> (27 Punkte)<br \/>\nvon Yoshihito Isogawa<\/li>\n<li><a title=\"Was ist Was \u2013 Experimentier-Buch\" href=\"http:\/\/www.professor-technikus.de\/?p=58\">Was ist Was &#8211; Experimentier-Buch<\/a> (26 Punkte)<br \/>\nvon Rainer K\u00f6the<\/li>\n<li><a title=\"Buchkritik: Spass mit Physik\" href=\"http:\/\/www.professor-technikus.de\/?p=445\">Spa\u00df mit Physik &#8211; Kreative Versuche f\u00fcr Schule und Freizeit<\/a> (25 Punkte)<br \/>\nvon Eduardo de Campos Valadares<\/li>\n<li><a title=\"The LEGO\u00ae Technic Idea Books\" href=\"http:\/\/www.professor-technikus.de\/?p=313\"> The LEGO\u00ae Technic Idea Books<\/a> (24 Punkte)<br \/>\nvon Yoshihito Isogawa<\/li>\n<li><a title=\"Bionik f\u00fcr Kinder\" href=\"http:\/\/www.professor-technikus.de\/?p=353\">Die genialsten Erfindungen der Natur \u2013 Bionik f\u00fcr Kinder<\/a> (23 Punkte)<br \/>\nvon Sigrid Belzer<\/li>\n<li><a title=\"Christophs Experimente\" href=\"http:\/\/www.professor-technikus.de\/?p=49\">Christophs Experimente<\/a> (22 Punkte)<br \/>\nvon Christoph Biemann<\/li>\n<li><a title=\"Das GEOlino Experimentierbuch\" href=\"http:\/\/www.professor-technikus.de\/?p=83\">Das GEOlino Experimentierbuch<\/a> (21 Punkte)<br \/>\nvon Birgit Bramlage<\/li>\n<li><a href=\"http:\/\/www.professor-technikus.de\/?p=563\" target=\"_blank\">Technikgeschichte mit Fischertechnik<\/a> (21 Punkte)<br \/>\nvon Dirk Fox und Thomas P\u00fcttmann<\/li>\n<li><a title=\"111 (neue) spannende Experimente f\u00fcr Kinder\" href=\"http:\/\/www.professor-technikus.de\/?p=381\">111 (neue) spannende Experimente f\u00fcr Kinder<\/a> (18 Punkte)<br \/>\nvon Martina R\u00fcter<\/li>\n<li><a href=\"http:\/\/www.professor-technikus.de\/?p=462\">Das gro\u00dfe Forscherbuch f\u00fcr Kinder<\/a> (17 Punkte)<br \/>\nvon Sonja Stuchtey<\/li>\n<li><a title=\"Versuche im Sachunterricht der Grundschule\" href=\"http:\/\/www.professor-technikus.de\/?p=345\">Versuche im Sachunterricht der Grundschule<\/a> (14 Punkte)<br \/>\nvon Ingrid Dr\u00f6se und Lorenz Wei\u00df<\/li>\n<li><a title=\"Stop Motion Animation \u2013 Kreative Filme mit LEGO\u00ae-Figuren\" href=\"http:\/\/www.professor-technikus.de\/?p=306\">Stop Motion Animation &#8211; Kreative Filme mit LEGO\u00ae-Figuren<\/a> (14 Punkte)<br \/>\nvon Alexander Altendorfer<\/li>\n<li><a title=\"Buchrezension: Kopfball \u2013 Warum gehen Seifenblasen im Regen nicht kaputt?\" href=\"http:\/\/www.professor-technikus.de\/?p=401\">Kopfball &#8211; Warum gehen Seifenblasen im Regen nicht kaputt?<\/a> (13 Punkte)<br \/>\nvon Mareike Fallwickl-Glavnik, Ingo Knopf<\/li>\n<li><a title=\"Schau, so geht das \u2013 Die Elektro-Werkstatt\" href=\"http:\/\/www.professor-technikus.de\/?p=43\">Schau, so geht das: Die Elektro-Werkstatt bzw. Experimente-Werkstatt<\/a> (6 Punkte)<br \/>\nvon Ulrike Berger<\/li>\n<li><a title=\"Extrem T\u00fcfteln \u2013 50 Experimente zum Selberbasteln\" href=\"http:\/\/www.professor-technikus.de\/?p=361\">Extrem T\u00fcfteln \u2013 50 Experimente zum Selberbasteln<\/a> (5 Punkte)<br \/>\nvon Franziska Heidenreich und Bianca Langnickel<\/li>\n<\/ol>\n<h2>Die Bewertung<\/h2>\n<p>Die B\u00fccher werden in acht Kategorien von mir subjektiv bewertet. In jeder kann ein Buch maximal 5 Punkte erreichen. Die Gesamtsumme aller Punkte ergibt dann ein Ranking in der Verwendbarkeit f\u00fcr die Vorbereitung von Forscherkursen bzw. Experimente-Stunden.<\/p>\n<p>Die Kategorien im Einzelnen:<\/p>\n<h3>1) Materialaufwand<\/h3>\n<p>Hier wird bewertet welcher Aufwand f\u00fcr die Experimente n\u00f6tig ist, wie einfach sich die Materialien besorgen lassen und ob haushalts\u00fcbliche Dinge verwendet werden.<\/p>\n<h3>2) Versuchsbeschreibung<\/h3>\n<p>Hier wird die Qualit\u00e4t und Ausf\u00fchrlichkeit der Versuchsbeschreibungen bewertet. So zum Beispiel, ob es eine Schritt-f\u00fcr-Schritt-Anleitung ist, ob erkl\u00e4rt wird, was passiert oder ob auch auf m\u00f6gliche Fehler hingewiesen wird.<\/p>\n<h3>3) Praxistauglichkeit<\/h3>\n<p>Die Durchf\u00fchrbarkeit und Wiederholbarkeit der Experimente durch Kinder wird in dieser Kategorie bewertet. Das Thema &#8222;Sicherheit&#8220; findet ebenfalls Eingang in diese Bewertung.<\/p>\n<h3>4) Erkl\u00e4rung<\/h3>\n<p>Die Erkl\u00e4rung der Effekte wird in Bezug auf Richtigkeit, Ausf\u00fchrlichkeit und Verst\u00e4ndlichkeit bewertet. Hier ist meine Einsch\u00e4tzung allerdings sehr pers\u00f6nlich, da ich schon ein paar Vorkenntnisse mitbringe. Ich denke bei dieser Bewertung auch an die Grundschulp\u00e4dagogen aus meinem Bekannten- und Verwandtenkreis. Mathematische Formeln halte ich in diesem Zusammenhang f\u00fcr eher abschreckend.<\/p>\n<h3>5) Grafiken\/Fotos<\/h3>\n<p>Ich bewerte hier die Aufmachung des Buches bzw. ob es mich anspricht. Auch wichtig ist mir, dass die Fotos oder Grafiken den Ablauf der Experimente gut beschreiben.<\/p>\n<h3>6) Alltagsbezug<\/h3>\n<p>Jedes Experimente-Buch sollte auch den Transfer des jeweiligen Effektes in den Alltag beschreiben. Je mehr Beispiel dabei genannt werden, umso besser.<\/p>\n<h3>7) Originalit\u00e4t<\/h3>\n<p>Viele Experimente finden sich in vielen B\u00fcchern immer wieder. In dieser Kategorie gibt es Punkte f\u00fcr ungew\u00f6hnliche Experiment-Ideen.<\/p>\n<h3>8) Bonus\/Malus<\/h3>\n<p>Hier kann ein Buch noch einmal Sonderpunkte holen, z.B. durch gro\u00dfen Umfang, tolle Erg\u00e4nzungstexte, andere Beigaben oder einfach nur weil ich es gro\u00dfartig finde. Allerdings k\u00f6nnen hier auch B\u00fccher &#8222;abgestraft&#8220; werden, insbesondere durch falsche Erkl\u00e4rungen der Versuche oder Mi\u00dfachtung der Sicherheit.<\/p>\n<p>&nbsp;<\/p>\n","protected":false},"excerpt":{"rendered":"<p>Ideen f\u00fcr die Experimente aus allen Lebensbereichen bekomme ich auch aus Experimente-B\u00fcchern, von denen es unz\u00e4hlige auf dem Markt gibt. Manche werden auch einfach im neuen Gewand immer wieder neu aufgelegt. Die meisten Experimente-B\u00fccher richten sich direkt an Kinder und sind deshalb wohl auch in der \u201cDu\u201d-Form geschrieben. Ich bin allerdings \u00e4u\u00dferst skeptisch, dass Kinder&hellip; <a class=\"more-link\" href=\"https:\/\/www.professor-technikus.de\/?page_id=23\"><span class=\"screen-reader-text\">Experimente-B\u00fccher: Rezensionen<\/span> weiterlesen<\/a><\/p>\n","protected":false},"author":1,"featured_media":0,"parent":524,"menu_order":2,"comment_status":"closed","ping_status":"closed","template":"","meta":[],"_links":{"self":[{"href":"https:\/\/www.professor-technikus.de\/index.php?rest_route=\/wp\/v2\/pages\/23"}],"collection":[{"href":"https:\/\/www.professor-technikus.de\/index.php?rest_route=\/wp\/v2\/pages"}],"about":[{"href":"https:\/\/www.professor-technikus.de\/index.php?rest_route=\/wp\/v2\/types\/page"}],"author":[{"embeddable":true,"href":"https:\/\/www.professor-technikus.de\/index.php?rest_route=\/wp\/v2\/users\/1"}],"replies":[{"embeddable":true,"href":"https:\/\/www.professor-technikus.de\/index.php?rest_route=%2Fwp%2Fv2%2Fcomments&post=23"}],"version-history":[{"count":38,"href":"https:\/\/www.professor-technikus.de\/index.php?rest_route=\/wp\/v2\/pages\/23\/revisions"}],"predecessor-version":[{"id":583,"href":"https:\/\/www.professor-technikus.de\/index.php?rest_route=\/wp\/v2\/pages\/23\/revisions\/583"}],"up":[{"embeddable":true,"href":"https:\/\/www.professor-technikus.de\/index.php?rest_route=\/wp\/v2\/pages\/524"}],"wp:attachment":[{"href":"https:\/\/www.professor-technikus.de\/index.php?rest_route=%2Fwp%2Fv2%2Fmedia&parent=23"}],"curies":[{"name":"wp","href":"https:\/\/api.w.org\/{rel}","templated":true}]}}