{"id":1065,"date":"2021-12-30T11:46:17","date_gmt":"2021-12-30T10:46:17","guid":{"rendered":"https:\/\/www.professor-technikus.de\/?page_id=1065"},"modified":"2021-12-30T12:07:53","modified_gmt":"2021-12-30T11:07:53","slug":"download","status":"publish","type":"page","link":"https:\/\/www.professor-technikus.de\/?page_id=1065","title":{"rendered":"Download"},"content":{"rendered":"\n<p>Sie finden hier alle Informationen \u00fcber unsere verschiedenen <a href=\"https:\/\/www.professor-technikus.de\/?page_id=863\" data-type=\"page\" data-id=\"863\" target=\"_blank\" rel=\"noreferrer noopener\">Angebote <\/a>als Flyer zum Download:<\/p>\n\n\n\n<ul><li><strong>\u00dcbersichtsflyer &#8222;KNuT-kommt&#8220;:<\/strong><\/li><\/ul>\n\n\n\n<div class=\"wp-block-file\"><a href=\"https:\/\/www.professor-technikus.de\/wp-content\/uploads\/Flyer-KNuT-kommt.pdf\" target=\"_blank\" rel=\"noreferrer noopener\">Flyer-KNuT-kommt<\/a><a href=\"https:\/\/www.professor-technikus.de\/wp-content\/uploads\/Flyer-KNuT-kommt.pdf\" class=\"wp-block-file__button\" download>Herunterladen<\/a><\/div>\n\n\n\n<ul><li><strong>Informationen zu unseren Forschershows<\/strong>:<\/li><\/ul>\n\n\n\n<div class=\"wp-block-file\"><a href=\"https:\/\/www.professor-technikus.de\/wp-content\/uploads\/Flyer-Forschershows-KNuT-kommt.pdf\" target=\"_blank\" rel=\"noreferrer noopener\">Flyer-Forschershows-KNuT-kommt<\/a><a href=\"https:\/\/www.professor-technikus.de\/wp-content\/uploads\/Flyer-Forschershows-KNuT-kommt.pdf\" class=\"wp-block-file__button\" download>Herunterladen<\/a><\/div>\n\n\n\n<ul><li><strong>Weiterbildung f\u00fcr Lehrer*innen und Erzieher*innen<\/strong>:<\/li><\/ul>\n\n\n\n<div class=\"wp-block-file\"><a href=\"https:\/\/www.professor-technikus.de\/wp-content\/uploads\/Flyer-Paedagogische-Tage-KNuT-kommt.pdf\" target=\"_blank\" rel=\"noreferrer noopener\">Flyer-Paedagogische-Tage-KNuT-kommt<\/a><a href=\"https:\/\/www.professor-technikus.de\/wp-content\/uploads\/Flyer-Paedagogische-Tage-KNuT-kommt.pdf\" class=\"wp-block-file__button\" download>Herunterladen<\/a><\/div>\n\n\n\n<ul><li><strong>Forscherstunden, Forscherkurse<\/strong> <strong>und Themenr\u00e4ume:<\/strong><\/li><\/ul>\n\n\n\n<div class=\"wp-block-file\"><a href=\"https:\/\/www.professor-technikus.de\/wp-content\/uploads\/Flyer-Themenraum-KNuT-kommt.pdf\" target=\"_blank\" rel=\"noreferrer noopener\">Flyer-Themenraum-KNuT-kommt<\/a><a href=\"https:\/\/www.professor-technikus.de\/wp-content\/uploads\/Flyer-Themenraum-KNuT-kommt.pdf\" class=\"wp-block-file__button\" download>Herunterladen<\/a><\/div>\n\n\n\n<ul><li><strong>Projekttage und Projektwochen:<\/strong><\/li><\/ul>\n\n\n\n<div class=\"wp-block-file\"><a href=\"https:\/\/www.professor-technikus.de\/wp-content\/uploads\/Flyer-Projektwoche-KNuT-kommt.pdf\" target=\"_blank\" rel=\"noreferrer noopener\">Flyer-Projektwoche-KNuT-kommt<\/a><a href=\"https:\/\/www.professor-technikus.de\/wp-content\/uploads\/Flyer-Projektwoche-KNuT-kommt.pdf\" class=\"wp-block-file__button\" download>Herunterladen<\/a><\/div>\n","protected":false},"excerpt":{"rendered":"<p>Sie finden hier alle Informationen \u00fcber unsere verschiedenen Angebote als Flyer zum Download: \u00dcbersichtsflyer &#8222;KNuT-kommt&#8220;: Informationen zu unseren Forschershows: Weiterbildung f\u00fcr Lehrer*innen und Erzieher*innen: Forscherstunden, Forscherkurse und Themenr\u00e4ume: Projekttage und Projektwochen:<\/p>\n","protected":false},"author":1,"featured_media":0,"parent":0,"menu_order":0,"comment_status":"closed","ping_status":"closed","template":"","meta":[],"_links":{"self":[{"href":"https:\/\/www.professor-technikus.de\/index.php?rest_route=\/wp\/v2\/pages\/1065"}],"collection":[{"href":"https:\/\/www.professor-technikus.de\/index.php?rest_route=\/wp\/v2\/pages"}],"about":[{"href":"https:\/\/www.professor-technikus.de\/index.php?rest_route=\/wp\/v2\/types\/page"}],"author":[{"embeddable":true,"href":"https:\/\/www.professor-technikus.de\/index.php?rest_route=\/wp\/v2\/users\/1"}],"replies":[{"embeddable":true,"href":"https:\/\/www.professor-technikus.de\/index.php?rest_route=%2Fwp%2Fv2%2Fcomments&post=1065"}],"version-history":[{"count":5,"href":"https:\/\/www.professor-technikus.de\/index.php?rest_route=\/wp\/v2\/pages\/1065\/revisions"}],"predecessor-version":[{"id":1072,"href":"https:\/\/www.professor-technikus.de\/index.php?rest_route=\/wp\/v2\/pages\/1065\/revisions\/1072"}],"wp:attachment":[{"href":"https:\/\/www.professor-technikus.de\/index.php?rest_route=%2Fwp%2Fv2%2Fmedia&parent=1065"}],"curies":[{"name":"wp","href":"https:\/\/api.w.org\/{rel}","templated":true}]}}